{"id":11850,"date":"2016-06-24T12:08:02","date_gmt":"2016-06-24T12:08:02","guid":{"rendered":"http:\/\/template.cmsmasters.net\/?page_id=11850"},"modified":"2022-06-27T16:30:02","modified_gmt":"2022-06-27T16:30:02","slug":"contacto","status":"publish","type":"page","link":"https:\/\/www.fincaelrio.com\/?page_id=11850","title":{"rendered":"Contacto"},"content":{"rendered":"<div id=\"cmsmasters_row_f66a1b7222\" class=\"cmsmasters_row cmsmasters_color_scheme_default cmsmasters_row_top_default cmsmasters_row_bot_default cmsmasters_row_boxed\">\n<div class=\"cmsmasters_row_outer_parent\">\n<div class=\"cmsmasters_row_outer\">\n<div class=\"cmsmasters_row_inner\">\n<div class=\"cmsmasters_row_margin\">\n<div id=\"cmsmasters_column_12728dcaf2\" class=\"cmsmasters_column one_first\">\n<div class=\"cmsmasters_column_inner\"><div id=\"cmsmasters_heading_847cc7de54\" class=\"cmsmasters_heading_wrap cmsmasters_heading_align_center\">\n\t<h3 class=\"cmsmasters_heading\">Contacto<\/h3>\n<\/div><div id=\"cmsmasters_heading_a60f491637\" class=\"cmsmasters_heading_wrap cmsmasters_heading_align_center\">\n\t<h2 class=\"cmsmasters_heading\">Con Nosotros<\/h2>\n<\/div>\n<\/div><\/div>\n<\/div>\n<\/div>\n<\/div>\n<\/div>\n<\/div>\n<div id=\"cmsmasters_row_0e8800f9fe\" class=\"cmsmasters_row cmsmasters_color_scheme_default cmsmasters_row_top_default cmsmasters_row_bot_default cmsmasters_row_boxed\">\n<div class=\"cmsmasters_row_outer_parent\">\n<div class=\"cmsmasters_row_outer\">\n<div class=\"cmsmasters_row_inner\">\n<div class=\"cmsmasters_row_margin\">\n<div id=\"cmsmasters_column_5d4c982423\" class=\"cmsmasters_column one_third\">\n<div class=\"cmsmasters_column_inner\"><div id=\"google_map_b83899c4a8\" class=\"cmsmasters_google_map google_map\" data-address=\"\" data-maptype=\"ROADMAP\" data-zoom=\"12\" data-scrollwheel=\"true\" data-doubleclickzoom=\"true\" data-pan-control=\"true\" data-zoom-control=\"true\" data-map-type-control=\"true\" data-scale-control=\"true\" data-street-view-control=\"true\" data-overview-map-control=\"true\" data-markers=\"latitude: 38.43286\/\/\/longitude: -5.570922\/\/\/|||\"><\/div>\n<div id=\"cmsmasters_divider_50835731a9\" class=\"cl\"><\/div>\n<div id=\"cmsmasters_heading_5ffe7c0aac\" class=\"cmsmasters_heading_wrap cmsmasters_heading_align_left\">\n\t<h3 class=\"cmsmasters_heading\">Otras Formas de Contacto<\/h3>\n<\/div><ul id=\"cmsmasters_icon_list_items_d04a9670dc\" class=\"cmsmasters_icon_list_items cmsmasters_icon_list_type_list\"><li id=\"cmsmasters_icon_list_item_r5b2mfzc9c\" class=\"cmsmasters_icon_list_item cmsmasters-icon-location-3\">Carretera de Granja de Torrehermosa a Peraleda del Zaucejo (BAV- 4025) km. 28,5, Fuente Obejuna, C\u00f3rdoba, Espa\u00f1a<\/li><li id=\"cmsmasters_icon_list_item_8s72m05p1v\" class=\"cmsmasters_icon_list_item cmsmasters-icon-mail-3\"><a href=\"\">info@fincaelrio.com<\/a><\/li><li id=\"cmsmasters_icon_list_item_zj3tgb3zpr\" class=\"cmsmasters_icon_list_item cmsmasters-icon-phone-4\"><a href=\"https:\/\/api.whatsapp.com\/send?phone=34661860646&#038;text=Hola,%20Quiero%20reservar%20la%20finca%20para%20una%20celebraci%C3%B3n.\">Tel\u00e9fono: +34 661 86 06 46<\/a><\/li><\/ul>\n<\/div><\/div>\n<div id=\"cmsmasters_column_db4776658e\" class=\"cmsmasters_column two_third\">\n<div class=\"cmsmasters_column_inner\">\n<div class=\"cmsmasters_contact_form\">\n<div class=\"wpcf7 no-js\" id=\"wpcf7-f16819-o1\" lang=\"en-US\" dir=\"ltr\" data-wpcf7-id=\"16819\">\n<div class=\"screen-reader-response\"><p role=\"status\" aria-live=\"polite\" aria-atomic=\"true\"><\/p> <ul><\/ul><\/div>\n<form action=\"\/index.php?rest_route=%2Fwp%2Fv2%2Fpages%2F11850#wpcf7-f16819-o1\" method=\"post\" class=\"wpcf7-form init\" aria-label=\"Contact form\" novalidate=\"novalidate\" data-status=\"init\">\n<fieldset class=\"hidden-fields-container\"><input type=\"hidden\" name=\"_wpcf7\" value=\"16819\" \/><input type=\"hidden\" name=\"_wpcf7_version\" value=\"6.1.5\" \/><input type=\"hidden\" name=\"_wpcf7_locale\" value=\"en_US\" \/><input type=\"hidden\" name=\"_wpcf7_unit_tag\" value=\"wpcf7-f16819-o1\" \/><input type=\"hidden\" name=\"_wpcf7_container_post\" value=\"0\" \/><input type=\"hidden\" name=\"_wpcf7_posted_data_hash\" value=\"\" \/>\n<\/fieldset>\n<p><label> Nombre<br \/>\n<span class=\"wpcf7-form-control-wrap\" data-name=\"your-name\"><input size=\"40\" maxlength=\"400\" class=\"wpcf7-form-control wpcf7-text wpcf7-validates-as-required\" aria-required=\"true\" aria-invalid=\"false\" value=\"\" type=\"text\" name=\"your-name\" \/><\/span> <\/label>\n<\/p>\n<p><label> Email<br \/>\n<span class=\"wpcf7-form-control-wrap\" data-name=\"your-email\"><input size=\"40\" maxlength=\"400\" class=\"wpcf7-form-control wpcf7-email wpcf7-validates-as-required wpcf7-text wpcf7-validates-as-email\" aria-required=\"true\" aria-invalid=\"false\" value=\"\" type=\"email\" name=\"your-email\" \/><\/span> <\/label>\n<\/p>\n<p><label> Tel\u00e9fono<br \/>\n<span class=\"wpcf7-form-control-wrap\" data-name=\"tel-549\"><input size=\"40\" maxlength=\"400\" class=\"wpcf7-form-control wpcf7-tel wpcf7-validates-as-required wpcf7-text wpcf7-validates-as-tel\" aria-required=\"true\" aria-invalid=\"false\" value=\"\" type=\"tel\" name=\"tel-549\" \/><\/span> <\/label>\n<\/p>\n<p><label> D\u00e9jenos su comentario(opcional)<br \/>\n<span class=\"wpcf7-form-control-wrap\" data-name=\"your-message\"><textarea cols=\"40\" rows=\"10\" maxlength=\"2000\" class=\"wpcf7-form-control wpcf7-textarea\" aria-invalid=\"false\" name=\"your-message\"><\/textarea><\/span> <\/label>\n<\/p>\n<p><input class=\"wpcf7-form-control wpcf7-submit has-spinner\" type=\"submit\" value=\"Enviar\" \/>\n<\/p><div class=\"wpcf7-response-output\" aria-hidden=\"true\"><\/div>\n<\/form>\n<\/div>\n<\/div>\n<\/div><\/div>\n<\/div>\n<\/div>\n<\/div>\n<\/div>\n<\/div>\n\n","protected":false},"excerpt":{"rendered":"","protected":false},"author":0,"featured_media":0,"parent":0,"menu_order":0,"comment_status":"closed","ping_status":"closed","template":"","meta":{"footnotes":""},"class_list":["post-11850","page","type-page","status-publish","hentry"],"yoast_head":"<!-- This site is optimized with the Yoast SEO plugin v27.2 - https:\/\/yoast.com\/product\/yoast-seo-wordpress\/ -->\n<title>Contacto - Finca El rio<\/title>\n<meta name=\"robots\" content=\"index, follow, max-snippet:-1, max-image-preview:large, max-video-preview:-1\" \/>\n<link rel=\"canonical\" href=\"https:\/\/www.fincaelrio.com\/?page_id=11850\" \/>\n<meta property=\"og:locale\" content=\"es_ES\" \/>\n<meta property=\"og:type\" content=\"article\" \/>\n<meta property=\"og:title\" content=\"Contacto - Finca El rio\" \/>\n<meta property=\"og:url\" content=\"https:\/\/www.fincaelrio.com\/?page_id=11850\" \/>\n<meta property=\"og:site_name\" content=\"Finca El rio\" \/>\n<meta property=\"article:modified_time\" content=\"2022-06-27T16:30:02+00:00\" \/>\n<meta name=\"twitter:card\" content=\"summary_large_image\" \/>\n<meta name=\"twitter:label1\" content=\"Tiempo de lectura\" \/>\n\t<meta name=\"twitter:data1\" content=\"2 minutos\" \/>\n<script type=\"application\/ld+json\" class=\"yoast-schema-graph\">{\"@context\":\"https:\/\/schema.org\",\"@graph\":[{\"@type\":\"WebPage\",\"@id\":\"https:\/\/www.fincaelrio.com\/?page_id=11850\",\"url\":\"https:\/\/www.fincaelrio.com\/?page_id=11850\",\"name\":\"Contacto - Finca El rio\",\"isPartOf\":{\"@id\":\"https:\/\/www.fincaelrio.com\/#website\"},\"datePublished\":\"2016-06-24T12:08:02+00:00\",\"dateModified\":\"2022-06-27T16:30:02+00:00\",\"breadcrumb\":{\"@id\":\"https:\/\/www.fincaelrio.com\/?page_id=11850#breadcrumb\"},\"inLanguage\":\"es\",\"potentialAction\":[{\"@type\":\"ReadAction\",\"target\":[\"https:\/\/www.fincaelrio.com\/?page_id=11850\"]}]},{\"@type\":\"BreadcrumbList\",\"@id\":\"https:\/\/www.fincaelrio.com\/?page_id=11850#breadcrumb\",\"itemListElement\":[{\"@type\":\"ListItem\",\"position\":1,\"name\":\"Portada\",\"item\":\"https:\/\/www.fincaelrio.com\/\"},{\"@type\":\"ListItem\",\"position\":2,\"name\":\"Contacto\"}]},{\"@type\":\"WebSite\",\"@id\":\"https:\/\/www.fincaelrio.com\/#website\",\"url\":\"https:\/\/www.fincaelrio.com\/\",\"name\":\"Finca El rio\",\"description\":\"Finca El R\u00edo es un negocio familiar creado a partir de la uni\u00f3n de los procesos tradicionales con las ideas del futuro y buscando recuperar el inter\u00e9s y la ilusi\u00f3n de las nuevas generaciones por la vida rural y una alimentaci\u00f3n sostenible.\",\"potentialAction\":[{\"@type\":\"SearchAction\",\"target\":{\"@type\":\"EntryPoint\",\"urlTemplate\":\"https:\/\/www.fincaelrio.com\/?s={search_term_string}\"},\"query-input\":{\"@type\":\"PropertyValueSpecification\",\"valueRequired\":true,\"valueName\":\"search_term_string\"}}],\"inLanguage\":\"es\"}]}<\/script>\n<!-- \/ Yoast SEO plugin. -->","yoast_head_json":{"title":"Contacto - Finca El rio","robots":{"index":"index","follow":"follow","max-snippet":"max-snippet:-1","max-image-preview":"max-image-preview:large","max-video-preview":"max-video-preview:-1"},"canonical":"https:\/\/www.fincaelrio.com\/?page_id=11850","og_locale":"es_ES","og_type":"article","og_title":"Contacto - Finca El rio","og_url":"https:\/\/www.fincaelrio.com\/?page_id=11850","og_site_name":"Finca El rio","article_modified_time":"2022-06-27T16:30:02+00:00","twitter_card":"summary_large_image","twitter_misc":{"Tiempo de lectura":"2 minutos"},"schema":{"@context":"https:\/\/schema.org","@graph":[{"@type":"WebPage","@id":"https:\/\/www.fincaelrio.com\/?page_id=11850","url":"https:\/\/www.fincaelrio.com\/?page_id=11850","name":"Contacto - Finca El rio","isPartOf":{"@id":"https:\/\/www.fincaelrio.com\/#website"},"datePublished":"2016-06-24T12:08:02+00:00","dateModified":"2022-06-27T16:30:02+00:00","breadcrumb":{"@id":"https:\/\/www.fincaelrio.com\/?page_id=11850#breadcrumb"},"inLanguage":"es","potentialAction":[{"@type":"ReadAction","target":["https:\/\/www.fincaelrio.com\/?page_id=11850"]}]},{"@type":"BreadcrumbList","@id":"https:\/\/www.fincaelrio.com\/?page_id=11850#breadcrumb","itemListElement":[{"@type":"ListItem","position":1,"name":"Portada","item":"https:\/\/www.fincaelrio.com\/"},{"@type":"ListItem","position":2,"name":"Contacto"}]},{"@type":"WebSite","@id":"https:\/\/www.fincaelrio.com\/#website","url":"https:\/\/www.fincaelrio.com\/","name":"Finca El rio","description":"Finca El R\u00edo es un negocio familiar creado a partir de la uni\u00f3n de los procesos tradicionales con las ideas del futuro y buscando recuperar el inter\u00e9s y la ilusi\u00f3n de las nuevas generaciones por la vida rural y una alimentaci\u00f3n sostenible.","potentialAction":[{"@type":"SearchAction","target":{"@type":"EntryPoint","urlTemplate":"https:\/\/www.fincaelrio.com\/?s={search_term_string}"},"query-input":{"@type":"PropertyValueSpecification","valueRequired":true,"valueName":"search_term_string"}}],"inLanguage":"es"}]}},"_links":{"self":[{"href":"https:\/\/www.fincaelrio.com\/index.php?rest_route=\/wp\/v2\/pages\/11850","targetHints":{"allow":["GET"]}}],"collection":[{"href":"https:\/\/www.fincaelrio.com\/index.php?rest_route=\/wp\/v2\/pages"}],"about":[{"href":"https:\/\/www.fincaelrio.com\/index.php?rest_route=\/wp\/v2\/types\/page"}],"replies":[{"embeddable":true,"href":"https:\/\/www.fincaelrio.com\/index.php?rest_route=%2Fwp%2Fv2%2Fcomments&post=11850"}],"version-history":[{"count":5,"href":"https:\/\/www.fincaelrio.com\/index.php?rest_route=\/wp\/v2\/pages\/11850\/revisions"}],"predecessor-version":[{"id":17391,"href":"https:\/\/www.fincaelrio.com\/index.php?rest_route=\/wp\/v2\/pages\/11850\/revisions\/17391"}],"wp:attachment":[{"href":"https:\/\/www.fincaelrio.com\/index.php?rest_route=%2Fwp%2Fv2%2Fmedia&parent=11850"}],"curies":[{"name":"wp","href":"https:\/\/api.w.org\/{rel}","templated":true}]}}