{"id":151,"date":"2015-04-15T14:00:43","date_gmt":"2015-04-15T14:00:43","guid":{"rendered":"http:\/\/welfare.cmsmasters.net\/?page_id=151"},"modified":"2022-04-24T19:57:03","modified_gmt":"2022-04-24T19:57:03","slug":"adopta-un-olivo","status":"publish","type":"page","link":"https:\/\/www.fincaelrio.com\/?page_id=151","title":{"rendered":"Adopta un Olivo"},"content":{"rendered":"<div id=\"cmsmasters_row_iovldwwm1\" class=\"cmsmasters_row cmsmasters_color_scheme_default cmsmasters_row_top_default cmsmasters_row_bot_default cmsmasters_row_boxed\">\n<div class=\"cmsmasters_row_outer_parent\">\n<div class=\"cmsmasters_row_outer\">\n<div class=\"cmsmasters_row_inner\">\n<div class=\"cmsmasters_row_margin\">\n<div id=\"cmsmasters_column_40ad6c17bc\" class=\"cmsmasters_column one_first\">\n<div class=\"cmsmasters_column_inner\"><div id=\"cmsmasters_heading_nevtm5y9j\" class=\"cmsmasters_heading_wrap cmsmasters_heading_align_center\">\n\t<h3 class=\"cmsmasters_heading\">Adopta un Olivo<\/h3>\n<\/div><div id=\"cmsmasters_heading_cq9kjyuln9\" class=\"cmsmasters_heading_wrap cmsmasters_heading_align_center\">\n\t<h2 class=\"cmsmasters_heading\">Apadrina un olivo milenario<\/h2>\n<\/div><div class=\"cmsmasters_text\">\n<p>&nbsp;<\/p>\n<p>&nbsp;<\/p>\n<p style=\"text-align: center;\">Adoptando o apadrinando un olivo milenario, estar\u00e1s ayudando a conservar la riqueza natural e hist\u00f3rica de nuestro p\u00edas. Un proyecto sostenible y social contra la despoblaci\u00f3n y una vez al a\u00f1o recibir\u00e1s el fruto de tu solidaridad. El mejor aceite de oliva virgen extra de categor\u00eda superior.<\/p>\n<\/div>\n<\/div><\/div>\n<\/div>\n<\/div>\n<\/div>\n<\/div>\n<\/div>\n<div id=\"cmsmasters_row_bu4v7dbmge\" class=\"cmsmasters_row cmsmasters_color_scheme_default cmsmasters_row_top_default cmsmasters_row_bot_default cmsmasters_row_boxed\">\n<div class=\"cmsmasters_row_outer_parent\">\n<div class=\"cmsmasters_row_outer\">\n<div class=\"cmsmasters_row_inner\">\n<div class=\"cmsmasters_row_margin\">\n<div id=\"cmsmasters_column_80aaa51830\" class=\"cmsmasters_column one_half\">\n<div class=\"cmsmasters_column_inner\"><div id=\"cmsmasters_fb_8sbikoh3r8\" class=\"cmsmasters_featured_block\">\n<div class=\"featured_block_inner\">\n<div class=\"featured_block_text\"><\/div>\n<\/div>\n<\/div>\n<\/div><\/div>\n<div id=\"cmsmasters_column_f04dcaf3a7\" class=\"cmsmasters_column one_half\">\n<div class=\"cmsmasters_column_inner\"><div id=\"cmsmasters_heading_15cgpa1mi8\" class=\"cmsmasters_heading_wrap cmsmasters_heading_align_left\">\n\t<h2 class=\"cmsmasters_heading\">\u00bfC\u00f3mo Funciona?<\/h2>\n<\/div><div class=\"cmsmasters_text\">\n<ol>\n<li>Adopta un olivo en nuestra web, bautizado con el nombre que desees.<\/li>\n<li>Especifica si es para ti o es un regalo<\/li>\n<li>Te enviaremos geolocalizaci\u00f3n exacta de donde se encuentra tu olivo, para que puedas venir a visitarlo.<\/li>\n<li>Despu\u00e9s de cada recolecci\u00f3n te enviamos 5 litros de aceite de oliva virgen extra, de primera presi\u00f3n en frio y de recogida temprana.<\/li>\n<\/ol>\n<\/div>\n<div id=\"cmsmasters_button_1wxewuvw8a\" class=\"button_wrap\"><a href=\"\/producto\/adopta-o-apadrina-un-olivo-milenario\/\" class=\"cmsmasters_button\"><span>Quiero adoptar ahora<\/span><\/a><\/div>\n<\/div><\/div>\n<\/div>\n<\/div>\n<\/div>\n<\/div>\n<\/div>\n<div id=\"cmsmasters_row_w7r1luyr2i\" class=\"cmsmasters_row cmsmasters_color_scheme_default cmsmasters_row_top_default cmsmasters_row_bot_default cmsmasters_row_boxed\">\n<div class=\"cmsmasters_row_outer_parent\">\n<div class=\"cmsmasters_row_outer\">\n<div class=\"cmsmasters_row_inner\">\n<div class=\"cmsmasters_row_margin\">\n<div id=\"cmsmasters_column_8895545397\" class=\"cmsmasters_column one_first\">\n<div class=\"cmsmasters_column_inner\"><div id=\"cmsmasters_heading_xi17mvh6y\" class=\"cmsmasters_heading_wrap cmsmasters_heading_align_center\">\n\t<h3 class=\"cmsmasters_heading\">Amadrina un olivo<\/h3>\n<\/div><div id=\"cmsmasters_heading_aro8btjrwj\" class=\"cmsmasters_heading_wrap cmsmasters_heading_align_center\">\n\t<h2 class=\"cmsmasters_heading\">Recuperar es Repoblar<\/h2>\n<\/div>\n<\/div><\/div>\n<\/div>\n<\/div>\n<\/div>\n<\/div>\n<\/div>\n<div id=\"cmsmasters_row_714vj1u9ti\" class=\"cmsmasters_row cmsmasters_color_scheme_default cmsmasters_row_top_default cmsmasters_row_bot_default cmsmasters_row_boxed\">\n<div class=\"cmsmasters_row_outer_parent\">\n<div class=\"cmsmasters_row_outer\">\n<div class=\"cmsmasters_row_inner\">\n<div class=\"cmsmasters_row_margin\">\n<div id=\"cmsmasters_column_qxfms650rb\" class=\"cmsmasters_column one_third\">\n<div class=\"cmsmasters_column_inner\"><div id=\"cmsmasters_heading_zc1f8f6vvq\" class=\"cmsmasters_heading_wrap cmsmasters_heading_align_left\">\n\t<h2 class=\"cmsmasters_heading\">Amadrina o Apadrina <\/h2>\n<\/div><div id=\"cmsmasters_heading_3q2lwt3a4i\" class=\"cmsmasters_heading_wrap cmsmasters_heading_align_left\">\n\t<h4 class=\"cmsmasters_heading\">Lucha contra la despoblaci\u00f3n<\/h4>\n<\/div><div class=\"cmsmasters_text\">\n<p>Amadrinando un olivo est\u00e1s ayudando a preservar el medio ambiente, est\u00e1s generando nuevos puestos de trabajo y est\u00e1s contribuyendo al desarrollo cultural; A parte de todas las ventajas \u00edntimas y particulares apadrinar un olivo hoy en d\u00eda ofrece una serie de beneficios fiscales con respecto a la cuota anual. Poniendo tu granito de arena est\u00e1s ayudando a frenar la despoblaci\u00f3n de la que pocos tienen conciencia, y a trav\u00e9s del apadrinamiento de olivos esta contribuci\u00f3n se lleva a cabo por una v\u00eda sostenible y solidaria. Dejando de lado los anteriores puntos de vista amadrinando un olivo debes tener en cuenta que tendr\u00e1s en tu casa un maravilloso aceite de oliva virgen extra, el cual proporciona una gran cantidad de beneficios para nuestro organismo y recibir\u00e1s informaci\u00f3n constante del estado de tu olivo.<\/p>\n<\/div>\n<div id=\"cmsmasters_heading_zz9ndtnm5\" class=\"cmsmasters_heading_wrap cmsmasters_heading_align_left\">\n\t<h2 class=\"cmsmasters_heading\">\u00bfQu\u00e9 recibes a cambio?<\/h2>\n<\/div><div class=\"cmsmasters_text\">\n<p>Al apadrinar un olivo recibir\u00e1s su geolocalizaci\u00f3n para que puedas visitarlo siempre y cuando quieras y para que puedas seguir su crecimiento continuamente, tambi\u00e9n tendr\u00e1s la posibilidad de recibir 5 litros de nuestro aceite tras cada recolecci\u00f3n; por otro lado, una forma de volver a los or\u00edgenes del sabor, de la pureza, de la seguridad que da consumir un producto de calidad y de la ilusi\u00f3n de saber que proviene de un olivo apadrinado a tu nombre. Todo esto generar\u00e1 en aquellos espacios involucrados una econom\u00eda sostenible con inclusi\u00f3n social.<\/p>\n<\/div>\n<\/div><\/div>\n<div id=\"cmsmasters_column_46s7lck1dh\" class=\"cmsmasters_column one_third\">\n<div class=\"cmsmasters_column_inner\"><div id=\"cmsmasters_fb_srrd0rkpvn\" class=\"cmsmasters_featured_block\">\n<div class=\"featured_block_inner\">\n<div class=\"featured_block_text\"><\/div>\n<\/div>\n<\/div>\n<div id=\"cmsmasters_fb_nlrqdlx64r\" class=\"cmsmasters_featured_block\">\n<div class=\"featured_block_inner\">\n<div class=\"featured_block_text\"><\/div>\n<\/div>\n<\/div>\n<\/div><\/div>\n<div id=\"cmsmasters_column_x9nfzkya4b\" class=\"cmsmasters_column one_third\">\n<div class=\"cmsmasters_column_inner\"><div id=\"cmsmasters_heading_0aelajzax\" class=\"cmsmasters_heading_wrap cmsmasters_heading_align_left\">\n\t<h2 class=\"cmsmasters_heading\">Experiencia \u00fanica<\/h2>\n<\/div><div id=\"cmsmasters_heading_7zhxathl8\" class=\"cmsmasters_heading_wrap cmsmasters_heading_align_left\">\n\t<h4 class=\"cmsmasters_heading\">Vive una experiencia rural \u00fanica<\/h4>\n<\/div><div class=\"cmsmasters_text\">\n<p>Con esta gran iniciativa puedes decidir convertirte en un agricultor virtual comprometido; esta cosecha solidaria puede ser un gran incentivo para que muchas personas empiecen a concienciarse de la importancia del medio ambiente. Este acto no solo puede ser con un objetivo personal y material sino que puede ser un s\u00edmbolo que refleje a nuestros seres queridos. Esta experiencia rural es una conexi\u00f3n plena con la naturaleza a trav\u00e9s de todos los sentidos; el olivo ser\u00e1 una manera perfecta para no desatender la vegetaci\u00f3n de nuestro pa\u00eds y poco a poco ir\u00e1n apareciendo lazos con la misma. Independientemente de la duraci\u00f3n de tu apadrinaci\u00f3n esta experiencia ser\u00e1 un recuerdo inolvidable para cualquiera.<\/p>\n<\/div>\n<div id=\"cmsmasters_heading_f2epu0mlqc\" class=\"cmsmasters_heading_wrap cmsmasters_heading_align_left\">\n\t<h2 class=\"cmsmasters_heading\">El mejor regalo<\/h2>\n<\/div><div class=\"cmsmasters_text\">\n<p>Apadrinar un olivo es un regalo casi eterno y original que sin duda ser\u00e1 un regalo muy apreciado por cualquiera. Nuestro aceite gourmet que recibir\u00e1n har\u00e1 que todos los d\u00edas, durante un a\u00f1o, tengan presente este detalle tan positivo, original y saludable; Puede ser el regalo m\u00e1s original que reciban este a\u00f1o. El significado de este regalo va m\u00e1s all\u00e1 de lo material y revaloriza la esencia de aquellos regalos que lo que pretenden es transmitir un mensaje de amor o respeto. Esta es una forma de regalar con mucha personalidad, ya que cada persona es \u00fanica y se merece un regalo a la altura.<\/p>\n<\/div>\n<\/div><\/div>\n<\/div>\n<\/div>\n<\/div>\n<\/div>\n<\/div>\n<div id=\"cmsmasters_row_8sdcjn1dm4\" class=\"cmsmasters_row cmsmasters_color_scheme_default cmsmasters_row_top_default cmsmasters_row_bot_default cmsmasters_row_boxed\">\n<div class=\"cmsmasters_row_outer_parent\">\n<div class=\"cmsmasters_row_outer\">\n<div class=\"cmsmasters_row_inner\">\n<div class=\"cmsmasters_row_margin\">\n<div id=\"cmsmasters_column_m4fw3hcuwu\" class=\"cmsmasters_column one_first\">\n<div class=\"cmsmasters_column_inner\"><div id=\"cmsmasters_heading_syljqdnv26\" class=\"cmsmasters_heading_wrap cmsmasters_heading_align_center\">\n\t<h3 class=\"cmsmasters_heading\">Apadrina un olivo<\/h3>\n<\/div><div id=\"cmsmasters_heading_ddpkfwaxz8\" class=\"cmsmasters_heading_wrap cmsmasters_heading_align_center\">\n\t<h2 class=\"cmsmasters_heading\">Adoptando un olivo intervienes en:<\/h2>\n<\/div>\n<\/div><\/div>\n<\/div>\n<\/div>\n<\/div>\n<\/div>\n<\/div>\n<div id=\"cmsmasters_row_t4ldrgc5bj\" class=\"cmsmasters_row cmsmasters_color_scheme_default cmsmasters_row_top_default cmsmasters_row_bot_default cmsmasters_row_boxed\">\n<div class=\"cmsmasters_row_outer_parent\">\n<div class=\"cmsmasters_row_outer\">\n<div class=\"cmsmasters_row_inner\">\n<div class=\"cmsmasters_row_margin\">\n<div id=\"cmsmasters_column_8a0wmfmrah\" class=\"cmsmasters_column one_third\">\n<div class=\"cmsmasters_column_inner\"><div id=\"cmsmasters_heading_4v6zblxsrr\" class=\"cmsmasters_heading_wrap cmsmasters_heading_align_left\">\n\t<h2 class=\"cmsmasters_heading\">Impacto medioambiental<\/h2>\n<\/div><div class=\"cmsmasters_text\">\n<p>Apadrinando un olivo preservar\u00e1s la biodiversidad aut\u00f3ctona y la conservaci\u00f3n del medio ambiente, ya que se trata de una producci\u00f3n que act\u00faa como refugio para especies amenazadas, contribuye a la prevenci\u00f3n de incendios y el control de erosi\u00f3n del suelo y act\u00faa reduciendo la cantidad de CO\u2082 del aire.<\/p>\n<p>Porque preservar\u00e1s los sistemas de producci\u00f3n conservando el paisaje y protegiendo el patrimonio rural de nuestra tierra.<\/p>\n<\/div>\n<\/div><\/div>\n<div id=\"cmsmasters_column_kkupr3nybj\" class=\"cmsmasters_column one_third\">\n<div class=\"cmsmasters_column_inner\"><div id=\"cmsmasters_heading_wn5wjs9obb\" class=\"cmsmasters_heading_wrap cmsmasters_heading_align_left\">\n\t<h2 class=\"cmsmasters_heading\">Desarrollo Rural<\/h2>\n<\/div><div class=\"cmsmasters_text\">\n<p>Esta actividad se lleva a cabo con el fin de mejorar la calidad de las comunidades no urbanas y se debe de tener en cuenta la cultura tradicional local, por todo ello nuestros olivos te lo compensar\u00e1n con su fruto y como muestra de agradecimiento, con sus aceitunas produciremos un aceite de calidad superior virgen extra. En el caso de Espa\u00f1a se ha elaborado el Marco Nacional el cual tiene como finalidad definir las medidas horizontales y los elementos comunes para todos los programas regionales, garantizando as\u00ed la coherencia de la estrategia espa\u00f1ola de desarrollo rural en todo el territorio.<\/p>\n<\/div>\n<\/div><\/div>\n<div id=\"cmsmasters_column_k4fpz88boy\" class=\"cmsmasters_column one_third\">\n<div class=\"cmsmasters_column_inner\"><div id=\"cmsmasters_heading_6ig6oqn3cj\" class=\"cmsmasters_heading_wrap cmsmasters_heading_align_left\">\n\t<h2 class=\"cmsmasters_heading\">Generaci\u00f3n de empleo<\/h2>\n<\/div><div class=\"cmsmasters_text\">\n<p>La demanda de trabajadores dentro de una econom\u00eda se deriva de la demanda de bienes y servicios; Como resultado, si se incrementa la demanda de bienes y servicios, en este caso los olivos, aumentar\u00e1 la demanda de trabajadores, creciendo tanto el empleo como el salario, ya que no es un misterio que todo el cuidado y la posterior producci\u00f3n de nuestro aceite viene de la mano de profesionales que gracias a tu apadrinaci\u00f3n tienen la posibilidad de un empleo.<\/p>\n<\/div>\n<\/div><\/div>\n<\/div>\n<\/div>\n<\/div>\n<\/div>\n<\/div>\n<div id=\"cmsmasters_row_xqcf12yo3z\" class=\"cmsmasters_row cmsmasters_color_scheme_default cmsmasters_row_top_default cmsmasters_row_bot_default cmsmasters_row_boxed\">\n<div class=\"cmsmasters_row_outer_parent\">\n<div class=\"cmsmasters_row_outer\">\n<div class=\"cmsmasters_row_inner\">\n<div class=\"cmsmasters_row_margin\">\n<div id=\"cmsmasters_column_3rf4dbz83a\" class=\"cmsmasters_column one_first\">\n<div class=\"cmsmasters_column_inner\"><div id=\"cmsmasters_heading_cd6uh6qf6o\" class=\"cmsmasters_heading_wrap cmsmasters_heading_align_center\">\n\t<h3 class=\"cmsmasters_heading\">Me gusta la idea<\/h3>\n<\/div><div id=\"cmsmasters_heading_ntfhhacgi4\" class=\"cmsmasters_heading_wrap cmsmasters_heading_align_center\">\n\t<h2 class=\"cmsmasters_heading\">\u00bfC\u00f3mo puedo adoptar un olivo?<\/h2>\n<\/div><div class=\"cmsmasters_text\">\n<p>&nbsp;<\/p>\n<p>&nbsp;<\/p>\n<p style=\"text-align: center;\">Es muy sencillo, solo tienes que darle clic al bot\u00f3n de abajo y rellenar el formulario, elegir la cantidad de olivos que quieres adoptar y listo.<\/p>\n<\/div>\n<div id=\"cmsmasters_button_ecxhzo0xcg\" class=\"button_wrap\"><a href=\"\/producto\/adopta-o-apadrina-un-olivo-milenario\/\" class=\"cmsmasters_button\"><span>Ok, quiero adoptar un olivo<\/span><\/a><\/div>\n<\/div><\/div>\n<\/div>\n<\/div>\n<\/div>\n<\/div>\n<\/div>\n<div id=\"cmsmasters_row_sb7vlo5o6b\" class=\"cmsmasters_row cmsmasters_color_scheme_default cmsmasters_row_top_default cmsmasters_row_bot_default cmsmasters_row_boxed\">\n<div class=\"cmsmasters_row_outer_parent\">\n<div class=\"cmsmasters_row_outer\">\n<div class=\"cmsmasters_row_inner\">\n<div class=\"cmsmasters_row_margin\">\n<div id=\"cmsmasters_column_36biowmetn\" class=\"cmsmasters_column one_first\">\n<div class=\"cmsmasters_column_inner\"><div class=\"cmsmasters_tabs tabs_mode_tab\">\n<ul class=\"cmsmasters_tabs_list\">\n<li id=\"cmsmasters_tabs_list_item_e84wewo967\" class=\"cmsmasters_tabs_list_item current_tab\">\n<a href=\"#\">\n<span>Consumo honesto y responsabilidad social<\/span>\n<\/a>\n<\/li><li id=\"cmsmasters_tabs_list_item_x7o43dx00e\" class=\"cmsmasters_tabs_list_item\">\n<a href=\"#\">\n<span>Cosecha solidaria<\/span>\n<\/a>\n<\/li><li id=\"cmsmasters_tabs_list_item_y82crs4rkq\" class=\"cmsmasters_tabs_list_item\">\n<a href=\"#\">\n<span>Amadrina un olivo<\/span>\n<\/a>\n<\/li><li id=\"cmsmasters_tabs_list_item_jzg3il45hm\" class=\"cmsmasters_tabs_list_item\">\n<a href=\"#\">\n<span>Adoptar un olivo y recibir su aceite de oliva<\/span>\n<\/a>\n<\/li><li id=\"cmsmasters_tabs_list_item_7eshirzpe4\" class=\"cmsmasters_tabs_list_item\">\n<a href=\"#\">\n<span>Tipos de apadrinamiento<\/span>\n<\/a>\n<\/li><\/ul>\n<div class=\"cmsmasters_tabs_wrap\">\n<div id=\"cmsmasters_tab_e84wewo967\" class=\"cmsmasters_tab active_tab\">\n<div class=\"cmsmasters_tab_inner\">\n<p>Comprando directamente al agricultor estar\u00e1s evitando una Espa\u00f1a despoblada en el<br \/>\nmundo rural, a causa de la especulaci\u00f3n inmoral en los precios de compra a los agricultores<br \/>\nque no se corresponde con los precios de venta al consumidor; por otro lado, permites la<br \/>\nviabilidad de proyectos agr\u00edcolas e influyes en las mejoras laborales.<br \/>\nAl final las explotaciones agr\u00edcolas se ven abocadas a cerrar por no ser rentables o incluso<br \/>\na arrancar un olivar milenario para sustituirlo por una planta nueva con menor coste laboral.<\/p>\n<\/div>\n<\/div><div id=\"cmsmasters_tab_x7o43dx00e\" class=\"cmsmasters_tab\">\n<div class=\"cmsmasters_tab_inner\">\n<p>El abandono de estos \u00e1rboles es un problema al cual hab\u00eda que buscarle una soluci\u00f3n<br \/>\neficiente, la soluci\u00f3n es la posibilidad de apadrinar un olivo y obtener varios beneficios de<br \/>\nello.<br \/>\nComo impulsores de la econom\u00eda nutritiva, donde lo m\u00e1s importante es cuidarnos los unos a<br \/>\nlos otros, se ha creado la cosecha solidaria, la cual es una alternativa que requiere de una<br \/>\ncuidada selecci\u00f3n de productos reci\u00e9n recolectados.<br \/>\nLa cosecha solidaria es un proyecto de emprendimiento social y medioambiental que nace<br \/>\ncon el objetivo de recuperar los \u00e1rboles y, a trav\u00e9s de este proceso, provocar una<br \/>\ntransformaci\u00f3n de todo su entorno.<\/p>\n<\/div>\n<\/div><div id=\"cmsmasters_tab_y82crs4rkq\" class=\"cmsmasters_tab\">\n<div class=\"cmsmasters_tab_inner\">\n<p>Centr\u00e1ndonos en la importancia de la protecci\u00f3n del olivar se ha ideado una campa\u00f1a de<br \/>\namadrinamiento para garantizar el futuro de nuestros olivos. Utilizamos el t\u00e9rmino<br \/>\n\u00a8amadrinar\u00a8para revalorizar el papel que la mujer rural realiza en nuestro territorio, adem\u00e1s<br \/>\nde homenajear de esta manera a la Madre Tierra, para resaltar nuestro compromiso con el<br \/>\nmedio ambiente. Con tu apoyo, ayudar\u00e1s a proteger el olivar evitando su desaparici\u00f3n por<br \/>\nsu baja rentabilidad frente a otros cultivos olivareros de mayor rendimiento.<\/p>\n<\/div>\n<\/div><div id=\"cmsmasters_tab_jzg3il45hm\" class=\"cmsmasters_tab\">\n<div class=\"cmsmasters_tab_inner\">\n<p>Puedes adoptar o apadrinar uno de nuestros olivos para la familia, para unos amigos, para<br \/>\nuna empresa o simplemente para ti mismo; Junto con el olivo ofreces parte del aceite de<br \/>\noliva virgen extra que elaboramos con sus aceitunas. Etiquetamos con el nombre o el apodo<br \/>\nque hayas elegido uno de nuestros olivos y tomaremos fotos de \u00e9l. Enviaremos 5 litros de<br \/>\nnuestro aceite de oliva.<\/p>\n<\/div>\n<\/div><div id=\"cmsmasters_tab_7eshirzpe4\" class=\"cmsmasters_tab\">\n<div class=\"cmsmasters_tab_inner\">\n<p>Hay diversos tipos de apadrinamiento como: el directo, el cual se lleva a cabo por la propia<br \/>\npersona, empresa, grupo o asociaci\u00f3n; un regalo ya sea por nacimiento, cumplea\u00f1os o<br \/>\nboda, ya que el olivo puede llevar el nombre de la persona a la que va dirigido; un regalo de<br \/>\nempresa dirigido tanto a clientes como a empleados o proveedores<br \/>\nregalo de empresa a clientes, proveedores y empleados. Adem\u00e1s, se pueden organizar<br \/>\nactividades en torno a la adopci\u00f3n, desde visitas guiadas al olivar a jornadas l\u00fadicas de<br \/>\ngrupo.<\/p>\n<\/div>\n<\/div><\/div>\n<\/div>\n<\/div><\/div>\n<\/div>\n<\/div>\n<\/div>\n<\/div>\n<\/div>\n<div id=\"cmsmasters_row_h3xr4vnmw\" class=\"cmsmasters_row cmsmasters_color_scheme_default cmsmasters_row_top_default cmsmasters_row_bot_default cmsmasters_row_boxed\">\n<div class=\"cmsmasters_row_outer_parent\">\n<div class=\"cmsmasters_row_outer\">\n<div class=\"cmsmasters_row_inner\">\n<div class=\"cmsmasters_row_margin\">\n<div id=\"cmsmasters_column_2cy2ltja4e\" class=\"cmsmasters_column one_first\">\n<div class=\"cmsmasters_column_inner\"><div id=\"cmsmasters_fb_m328dr6me4\" class=\"cmsmasters_featured_block\">\n<div class=\"featured_block_inner\">\n<div class=\"featured_block_text\">\n<div id=\"cmsmasters_heading_e971eb4070\" class=\"cmsmasters_heading_wrap cmsmasters_heading_align_left\">\n\t<h3 class=\"cmsmasters_heading\">Contacto!<\/h3>\n<\/div><div id=\"cmsmasters_heading_7accc4859b\" class=\"cmsmasters_heading_wrap cmsmasters_heading_align_left\">\n\t<h2 class=\"cmsmasters_heading\">M\u00e1s informaci\u00f3n de Nuestro Olivar.<\/h2>\n<\/div>\n\n<\/div>\n<\/div>\n<\/div>\n<div id=\"cmsmasters_heading_n346b3pu8k\" class=\"cmsmasters_heading_wrap cmsmasters_heading_align_left\">\n\t<h4 class=\"cmsmasters_heading\"><a href=\"\/contacto\/\">Contacta Con Nosotros Aqu\u00ed<\/a><\/h4>\n<\/div>\n<\/div><\/div>\n<\/div>\n<\/div>\n<\/div>\n<\/div>\n<\/div>\n\n","protected":false},"excerpt":{"rendered":"","protected":false},"author":0,"featured_media":0,"parent":0,"menu_order":0,"comment_status":"closed","ping_status":"open","template":"","meta":{"footnotes":""},"class_list":["post-151","page","type-page","status-publish","hentry"],"yoast_head":"<!-- This site is optimized with the Yoast SEO plugin v27.2 - https:\/\/yoast.com\/product\/yoast-seo-wordpress\/ -->\n<title>Adopta un Olivo - Finca El rio<\/title>\n<meta name=\"robots\" content=\"index, follow, max-snippet:-1, max-image-preview:large, max-video-preview:-1\" \/>\n<link rel=\"canonical\" href=\"https:\/\/www.fincaelrio.com\/?page_id=151\" \/>\n<meta property=\"og:locale\" content=\"es_ES\" \/>\n<meta property=\"og:type\" content=\"article\" \/>\n<meta property=\"og:title\" content=\"Adopta un Olivo - Finca El rio\" \/>\n<meta property=\"og:url\" content=\"https:\/\/www.fincaelrio.com\/?page_id=151\" \/>\n<meta property=\"og:site_name\" content=\"Finca El rio\" \/>\n<meta property=\"article:modified_time\" content=\"2022-04-24T19:57:03+00:00\" \/>\n<meta name=\"twitter:card\" content=\"summary_large_image\" \/>\n<meta name=\"twitter:label1\" content=\"Tiempo de lectura\" \/>\n\t<meta name=\"twitter:data1\" content=\"6 minutos\" \/>\n<script type=\"application\/ld+json\" class=\"yoast-schema-graph\">{\"@context\":\"https:\/\/schema.org\",\"@graph\":[{\"@type\":\"WebPage\",\"@id\":\"https:\/\/www.fincaelrio.com\/?page_id=151\",\"url\":\"https:\/\/www.fincaelrio.com\/?page_id=151\",\"name\":\"Adopta un Olivo - Finca El rio\",\"isPartOf\":{\"@id\":\"https:\/\/www.fincaelrio.com\/#website\"},\"datePublished\":\"2015-04-15T14:00:43+00:00\",\"dateModified\":\"2022-04-24T19:57:03+00:00\",\"breadcrumb\":{\"@id\":\"https:\/\/www.fincaelrio.com\/?page_id=151#breadcrumb\"},\"inLanguage\":\"es\",\"potentialAction\":[{\"@type\":\"ReadAction\",\"target\":[\"https:\/\/www.fincaelrio.com\/?page_id=151\"]}]},{\"@type\":\"BreadcrumbList\",\"@id\":\"https:\/\/www.fincaelrio.com\/?page_id=151#breadcrumb\",\"itemListElement\":[{\"@type\":\"ListItem\",\"position\":1,\"name\":\"Portada\",\"item\":\"https:\/\/www.fincaelrio.com\/\"},{\"@type\":\"ListItem\",\"position\":2,\"name\":\"Adopta un Olivo\"}]},{\"@type\":\"WebSite\",\"@id\":\"https:\/\/www.fincaelrio.com\/#website\",\"url\":\"https:\/\/www.fincaelrio.com\/\",\"name\":\"Finca El rio\",\"description\":\"Finca El R\u00edo es un negocio familiar creado a partir de la uni\u00f3n de los procesos tradicionales con las ideas del futuro y buscando recuperar el inter\u00e9s y la ilusi\u00f3n de las nuevas generaciones por la vida rural y una alimentaci\u00f3n sostenible.\",\"potentialAction\":[{\"@type\":\"SearchAction\",\"target\":{\"@type\":\"EntryPoint\",\"urlTemplate\":\"https:\/\/www.fincaelrio.com\/?s={search_term_string}\"},\"query-input\":{\"@type\":\"PropertyValueSpecification\",\"valueRequired\":true,\"valueName\":\"search_term_string\"}}],\"inLanguage\":\"es\"}]}<\/script>\n<!-- \/ Yoast SEO plugin. -->","yoast_head_json":{"title":"Adopta un Olivo - Finca El rio","robots":{"index":"index","follow":"follow","max-snippet":"max-snippet:-1","max-image-preview":"max-image-preview:large","max-video-preview":"max-video-preview:-1"},"canonical":"https:\/\/www.fincaelrio.com\/?page_id=151","og_locale":"es_ES","og_type":"article","og_title":"Adopta un Olivo - Finca El rio","og_url":"https:\/\/www.fincaelrio.com\/?page_id=151","og_site_name":"Finca El rio","article_modified_time":"2022-04-24T19:57:03+00:00","twitter_card":"summary_large_image","twitter_misc":{"Tiempo de lectura":"6 minutos"},"schema":{"@context":"https:\/\/schema.org","@graph":[{"@type":"WebPage","@id":"https:\/\/www.fincaelrio.com\/?page_id=151","url":"https:\/\/www.fincaelrio.com\/?page_id=151","name":"Adopta un Olivo - Finca El rio","isPartOf":{"@id":"https:\/\/www.fincaelrio.com\/#website"},"datePublished":"2015-04-15T14:00:43+00:00","dateModified":"2022-04-24T19:57:03+00:00","breadcrumb":{"@id":"https:\/\/www.fincaelrio.com\/?page_id=151#breadcrumb"},"inLanguage":"es","potentialAction":[{"@type":"ReadAction","target":["https:\/\/www.fincaelrio.com\/?page_id=151"]}]},{"@type":"BreadcrumbList","@id":"https:\/\/www.fincaelrio.com\/?page_id=151#breadcrumb","itemListElement":[{"@type":"ListItem","position":1,"name":"Portada","item":"https:\/\/www.fincaelrio.com\/"},{"@type":"ListItem","position":2,"name":"Adopta un Olivo"}]},{"@type":"WebSite","@id":"https:\/\/www.fincaelrio.com\/#website","url":"https:\/\/www.fincaelrio.com\/","name":"Finca El rio","description":"Finca El R\u00edo es un negocio familiar creado a partir de la uni\u00f3n de los procesos tradicionales con las ideas del futuro y buscando recuperar el inter\u00e9s y la ilusi\u00f3n de las nuevas generaciones por la vida rural y una alimentaci\u00f3n sostenible.","potentialAction":[{"@type":"SearchAction","target":{"@type":"EntryPoint","urlTemplate":"https:\/\/www.fincaelrio.com\/?s={search_term_string}"},"query-input":{"@type":"PropertyValueSpecification","valueRequired":true,"valueName":"search_term_string"}}],"inLanguage":"es"}]}},"_links":{"self":[{"href":"https:\/\/www.fincaelrio.com\/index.php?rest_route=\/wp\/v2\/pages\/151","targetHints":{"allow":["GET"]}}],"collection":[{"href":"https:\/\/www.fincaelrio.com\/index.php?rest_route=\/wp\/v2\/pages"}],"about":[{"href":"https:\/\/www.fincaelrio.com\/index.php?rest_route=\/wp\/v2\/types\/page"}],"replies":[{"embeddable":true,"href":"https:\/\/www.fincaelrio.com\/index.php?rest_route=%2Fwp%2Fv2%2Fcomments&post=151"}],"version-history":[{"count":5,"href":"https:\/\/www.fincaelrio.com\/index.php?rest_route=\/wp\/v2\/pages\/151\/revisions"}],"predecessor-version":[{"id":17368,"href":"https:\/\/www.fincaelrio.com\/index.php?rest_route=\/wp\/v2\/pages\/151\/revisions\/17368"}],"wp:attachment":[{"href":"https:\/\/www.fincaelrio.com\/index.php?rest_route=%2Fwp%2Fv2%2Fmedia&parent=151"}],"curies":[{"name":"wp","href":"https:\/\/api.w.org\/{rel}","templated":true}]}}