{"id":17104,"date":"2022-01-05T09:44:12","date_gmt":"2022-01-05T09:44:12","guid":{"rendered":"https:\/\/www.fincaelrio.com\/?page_id=17104"},"modified":"2022-01-11T17:42:31","modified_gmt":"2022-01-11T17:42:31","slug":"finca-para-celebraciones","status":"publish","type":"page","link":"https:\/\/www.fincaelrio.com\/?page_id=17104","title":{"rendered":"Finca Para Celebraciones"},"content":{"rendered":"<div id=\"cmsmasters_row_a238d4fa81\" class=\"cmsmasters_row cmsmasters_color_scheme_default cmsmasters_row_top_default cmsmasters_row_bot_default cmsmasters_row_boxed\">\n<div class=\"cmsmasters_row_outer_parent\">\n<div class=\"cmsmasters_row_outer\">\n<div class=\"cmsmasters_row_inner\">\n<div class=\"cmsmasters_row_margin\">\n<div id=\"cmsmasters_column_f77c8e6d30\" class=\"cmsmasters_column one_first\">\n<div class=\"cmsmasters_column_inner\"><div id=\"cmsmasters_heading_f936a1f7a2\" class=\"cmsmasters_heading_wrap cmsmasters_heading_align_center\">\n\t<h3 class=\"cmsmasters_heading\">Finca el rio<\/h3>\n<\/div><div id=\"cmsmasters_heading_cwd6m5zgq\" class=\"cmsmasters_heading_wrap cmsmasters_heading_align_center\">\n\t<h2 class=\"cmsmasters_heading\">Eventos y celebraciones<\/h2>\n<\/div>\n<\/div><\/div>\n<\/div>\n<\/div>\n<\/div>\n<\/div>\n<\/div>\n<div id=\"cmsmasters_row_f5rfpkbnr\" class=\"cmsmasters_row cmsmasters_color_scheme_default cmsmasters_row_top_default cmsmasters_row_bot_default cmsmasters_row_boxed\">\n<div class=\"cmsmasters_row_outer_parent\">\n<div class=\"cmsmasters_row_outer\">\n<div class=\"cmsmasters_row_inner\">\n<div class=\"cmsmasters_row_margin\">\n<div id=\"cmsmasters_column_ficf7drkp\" class=\"cmsmasters_column one_first\">\n<div class=\"cmsmasters_column_inner\"><div class=\"cmsmasters_text\">\n<p style=\"text-align: center;\">No hay nada como encontrar un espacio pensado al detalle para poder disfrutar de un d\u00eda<br \/>\ntan especial. La Finca El Rio se sit\u00faa en la ciudad de C\u00f3rdoba y le presta atenci\u00f3n a todas<br \/>\ntus necesidades con un servicio impecable y espectaculares jardines al aire libre.<br \/>\nPodr\u00e1s celebrar originales y distinguidos eventos sociales en esta finca ideal.<\/p>\n<p>&nbsp;<\/p>\n<p>&nbsp;<\/p>\n<\/div>\n<\/div><\/div>\n<\/div>\n<\/div>\n<\/div>\n<\/div>\n<\/div>\n<div id=\"cmsmasters_row_al69nyg08a\" class=\"cmsmasters_row cmsmasters_color_scheme_default cmsmasters_row_top_default cmsmasters_row_bot_default cmsmasters_row_boxed\">\n<div class=\"cmsmasters_row_outer_parent\">\n<div class=\"cmsmasters_row_outer\">\n<div class=\"cmsmasters_row_inner\">\n<div class=\"cmsmasters_row_margin\">\n<div id=\"cmsmasters_column_g1u3teboqj\" class=\"cmsmasters_column one_first\">\n<div class=\"cmsmasters_column_inner\"><div id=\"cmsmasters_heading_inqd7r89us\" class=\"cmsmasters_heading_wrap cmsmasters_heading_align_center\">\n\t<h2 class=\"cmsmasters_heading\">Tipos de Celebraciones<\/h2>\n<\/div>\n<\/div><\/div>\n<\/div>\n<\/div>\n<\/div>\n<\/div>\n<\/div>\n<div id=\"cmsmasters_row_aiw47oxmpd\" class=\"cmsmasters_row cmsmasters_color_scheme_default cmsmasters_row_top_default cmsmasters_row_bot_default cmsmasters_row_boxed\">\n<div class=\"cmsmasters_row_outer_parent\">\n<div class=\"cmsmasters_row_outer\">\n<div class=\"cmsmasters_row_inner\">\n<div class=\"cmsmasters_row_margin\">\n<div id=\"cmsmasters_column_9q0ebixtop\" class=\"cmsmasters_column one_first\">\n<div class=\"cmsmasters_column_inner\"><div class=\"cmsmasters_tabs tabs_mode_tab\">\n<ul class=\"cmsmasters_tabs_list\">\n<li id=\"cmsmasters_tabs_list_item_ttxgmfomq9\" class=\"cmsmasters_tabs_list_item current_tab\">\n<a href=\"#\">\n<span>Bodas<\/span>\n<\/a>\n<\/li><li id=\"cmsmasters_tabs_list_item_s2g9phvimn\" class=\"cmsmasters_tabs_list_item\">\n<a href=\"#\">\n<span>Comuniones<\/span>\n<\/a>\n<\/li><li id=\"cmsmasters_tabs_list_item_aziuic0vu8\" class=\"cmsmasters_tabs_list_item\">\n<a href=\"#\">\n<span>Bautizos<\/span>\n<\/a>\n<\/li><li id=\"cmsmasters_tabs_list_item_wgy6spde5n\" class=\"cmsmasters_tabs_list_item\">\n<a href=\"#\">\n<span>Cumplea\u00f1os<\/span>\n<\/a>\n<\/li><\/ul>\n<div class=\"cmsmasters_tabs_wrap\">\n<div id=\"cmsmasters_tab_ttxgmfomq9\" class=\"cmsmasters_tab active_tab\">\n<div class=\"cmsmasters_tab_inner\">\n<p style=\"text-align: center;\">Un espacio encantador para aquellas parejas que buscan un ambiente cl\u00e1sico o bien para aquellas que apuestan por algo m\u00e1s relajado. Modernidad y tradici\u00f3n se funden para dar como resultado una provincia de car\u00e1cter hist\u00f3rico que se convierte en el destino de centenares de parejas.<\/p>\n<p style=\"text-align: center;\">El d\u00eda de tu boda ser\u00e1 uno de los d\u00edas m\u00e1s importantes e inolvidables en tu vida y poder prepararla con total libertad y en un entorno natural y con un encanto m\u00e1gico har\u00e1 que ese d\u00eda sea perfecto. Todo lo que hab\u00edas so\u00f1ado para ese gran d\u00eda podr\u00e1 ser reflejado en cada uno de nuestros rincones.<\/p>\n<\/div>\n<\/div><div id=\"cmsmasters_tab_s2g9phvimn\" class=\"cmsmasters_tab\">\n<div class=\"cmsmasters_tab_inner\">\n<p style=\"text-align: center;\">Una opci\u00f3n ideal para celebrar ese gran d\u00eda tanto para ni\u00f1os como para adultos, en esta ocasi\u00f3n nos juntamos con nuestros familiares siendo un d\u00eda especialmente se\u00f1alado para los peque\u00f1os y qu\u00e9 mejor manera que hacerlo en La Finca El Rio; te ofrecemos tanto espacios abiertos como cerrados para que puedas disfrutar sin preocupaciones una celebraci\u00f3n tan especial como lo es la comuni\u00f3n.<\/p>\n<\/div>\n<\/div><div id=\"cmsmasters_tab_aziuic0vu8\" class=\"cmsmasters_tab\">\n<div class=\"cmsmasters_tab_inner\">\n<p style=\"text-align: center;\">El d\u00eda m\u00e1s encantador en la vida de cualquier ni\u00f1o es claramente un motivo de celebraci\u00f3n y queremos que todo el evento aguarde un esp\u00edritu puro y natural ya que es un d\u00eda muy personal en el que queremos que todo gire en torno al peque\u00f1o. Este rito de adopci\u00f3n y admisi\u00f3n al cristianismo consigue reunir tanto a familiares como a personas cercanas para celebrar un d\u00eda tan importante como este, el cual ser\u00e1 recordado durante toda la vida<\/p>\n<\/div>\n<\/div><div id=\"cmsmasters_tab_wgy6spde5n\" class=\"cmsmasters_tab\">\n<div class=\"cmsmasters_tab_inner\">\n<p style=\"text-align: center;\">Cada a\u00f1o se organiza una celebraci\u00f3n en la que los protagonistas somo nosotros, ya que ese d\u00eda tenemos el protagonismo en nuestras manos y queremos un evento que est\u00e9 a la altura, que tenga en cuenta nuestros deseos y que se realice en un espacio que nos transmita tranquilidad y seguridad; La Finca El Rio te ofrece todo esto y m\u00e1s.<\/p>\n<\/div>\n<\/div><\/div>\n<\/div>\n<\/div><\/div>\n<\/div>\n<\/div>\n<\/div>\n<\/div>\n<\/div>\n<div id=\"cmsmasters_row_y46801han\" class=\"cmsmasters_row cmsmasters_color_scheme_default cmsmasters_row_top_default cmsmasters_row_bot_default cmsmasters_row_boxed\">\n<div class=\"cmsmasters_row_outer_parent\">\n<div class=\"cmsmasters_row_outer\">\n<div class=\"cmsmasters_row_inner\">\n<div class=\"cmsmasters_row_margin\">\n<div id=\"cmsmasters_column_kd7ma1o8rk\" class=\"cmsmasters_column one_first\">\n<div class=\"cmsmasters_column_inner\"><div id=\"cmsmasters_heading_ghzcemyfzr\" class=\"cmsmasters_heading_wrap cmsmasters_heading_align_center\">\n\t<h3 class=\"cmsmasters_heading\">Galeria<\/h3>\n<\/div><div id=\"cmsmasters_heading_7lkoauar06\" class=\"cmsmasters_heading_wrap cmsmasters_heading_align_center\">\n\t<h2 class=\"cmsmasters_heading\">Conoce la finca<\/h2>\n<\/div>\n<\/div><\/div>\n<\/div>\n<\/div>\n<\/div>\n<\/div>\n<\/div>\n<div id=\"cmsmasters_row_797dc8c21c\" class=\"cmsmasters_row cmsmasters_color_scheme_default cmsmasters_row_top_default cmsmasters_row_bot_default cmsmasters_row_boxed\">\n<div class=\"cmsmasters_row_outer_parent\">\n<div class=\"cmsmasters_row_outer\">\n<div class=\"cmsmasters_row_inner\">\n<div class=\"cmsmasters_row_margin cmsmasters_row_columns_behavior\">\n<div id=\"cmsmasters_column_0afdf0228b\" class=\"cmsmasters_column one_third\">\n<div class=\"cmsmasters_column_inner\"><div id=\"cmsmasters_fb_6t55e7dssc\" class=\"cmsmasters_featured_block\">\n<div class=\"featured_block_inner\">\n<div class=\"featured_block_text\">\n<h2 style=\"text-align: center;\"><span style=\"color: #ffffff; font-size: 30px; line-height: 40px;\">Foto<\/span><\/h2>\n\n<\/div>\n<\/div>\n<\/div>\n<\/div><\/div>\n<div id=\"cmsmasters_column_c6935f413f\" class=\"cmsmasters_column one_third\">\n<div class=\"cmsmasters_column_inner\"><div id=\"cmsmasters_fb_3666b66077\" class=\"cmsmasters_featured_block\">\n<div class=\"featured_block_inner\">\n<div class=\"featured_block_text\">\n<h2 style=\"text-align: center;\"><span style=\"color: #ffffff; font-size: 30px; line-height: 40px;\">Foto<\/span><\/h2>\n\n<\/div>\n<\/div>\n<\/div>\n<\/div><\/div>\n<div id=\"cmsmasters_column_5005e8a3d8\" class=\"cmsmasters_column one_third\">\n<div class=\"cmsmasters_column_inner\"><div id=\"cmsmasters_fb_c646ae4ac6\" class=\"cmsmasters_featured_block\">\n<div class=\"featured_block_inner\">\n<div class=\"featured_block_text\">\n<h2 style=\"text-align: center;\"><span style=\"color: #ffffff; font-size: 30px; line-height: 40px;\">Foto<\/span><\/h2>\n\n<\/div>\n<\/div>\n<\/div>\n<\/div><\/div>\n<\/div>\n<\/div>\n<\/div>\n<\/div>\n<\/div>\n<div id=\"cmsmasters_row_308s52y6ot\" class=\"cmsmasters_row cmsmasters_color_scheme_default cmsmasters_row_top_default cmsmasters_row_bot_default cmsmasters_row_boxed\">\n<div class=\"cmsmasters_row_outer_parent\">\n<div class=\"cmsmasters_row_outer\">\n<div class=\"cmsmasters_row_inner\">\n<div class=\"cmsmasters_row_margin cmsmasters_row_columns_behavior\">\n<div id=\"cmsmasters_column_p9vwd7j57\" class=\"cmsmasters_column one_half\">\n<div class=\"cmsmasters_column_inner\"><div id=\"cmsmasters_fb_nkbzwid05\" class=\"cmsmasters_featured_block\">\n<div class=\"featured_block_inner\">\n<div class=\"featured_block_text\">\n<h2 style=\"text-align: center;\"><span style=\"color: #ffffff; font-size: 30px; line-height: 40px;\">Foto<\/span><\/h2>\n\n<\/div>\n<\/div>\n<\/div>\n<\/div><\/div>\n<div id=\"cmsmasters_column_jaumy1ncjh\" class=\"cmsmasters_column one_half\">\n<div class=\"cmsmasters_column_inner\"><div id=\"cmsmasters_fb_bln9u9u83r\" class=\"cmsmasters_featured_block\">\n<div class=\"featured_block_inner\">\n<div class=\"featured_block_text\">\n<h2 style=\"text-align: center;\"><span style=\"color: #ffffff; font-size: 30px; line-height: 40px;\">Foto<\/span><\/h2>\n\n<\/div>\n<\/div>\n<\/div>\n<\/div><\/div>\n<\/div>\n<\/div>\n<\/div>\n<\/div>\n<\/div>\n<div id=\"cmsmasters_row_y0nfg2skl\" class=\"cmsmasters_row cmsmasters_color_scheme_default cmsmasters_row_top_default cmsmasters_row_bot_default cmsmasters_row_boxed\">\n<div class=\"cmsmasters_row_outer_parent\">\n<div class=\"cmsmasters_row_outer\">\n<div class=\"cmsmasters_row_inner\">\n<div class=\"cmsmasters_row_margin cmsmasters_row_columns_behavior\">\n<div id=\"cmsmasters_column_1dty91m2r\" class=\"cmsmasters_column one_third\">\n<div class=\"cmsmasters_column_inner\"><div id=\"cmsmasters_fb_6faxovtt2a\" class=\"cmsmasters_featured_block\">\n<div class=\"featured_block_inner\">\n<div class=\"featured_block_text\">\n<h2 style=\"text-align: center;\"><span style=\"color: #ffffff; font-size: 30px; line-height: 40px;\">Foto<\/span><\/h2>\n\n<\/div>\n<\/div>\n<\/div>\n<\/div><\/div>\n<div id=\"cmsmasters_column_1bt19ogpys\" class=\"cmsmasters_column one_third\">\n<div class=\"cmsmasters_column_inner\"><div id=\"cmsmasters_fb_2ijbiu9fu\" class=\"cmsmasters_featured_block\">\n<div class=\"featured_block_inner\">\n<div class=\"featured_block_text\">\n<h2 style=\"text-align: center;\"><span style=\"color: #ffffff; font-size: 30px; line-height: 40px;\">Foto<\/span><\/h2>\n\n<\/div>\n<\/div>\n<\/div>\n<\/div><\/div>\n<div id=\"cmsmasters_column_0fjtqelf8b\" class=\"cmsmasters_column one_third\">\n<div class=\"cmsmasters_column_inner\"><div id=\"cmsmasters_fb_qwojvlle2t\" class=\"cmsmasters_featured_block\">\n<div class=\"featured_block_inner\">\n<div class=\"featured_block_text\">\n<h2 style=\"text-align: center;\"><span style=\"color: #ffffff; font-size: 30px; line-height: 40px;\">Foto<\/span><\/h2>\n\n<\/div>\n<\/div>\n<\/div>\n<\/div><\/div>\n<\/div>\n<\/div>\n<\/div>\n<\/div>\n<\/div>\n<div id=\"cmsmasters_row_37c191f42d\" class=\"cmsmasters_row cmsmasters_color_scheme_default cmsmasters_row_top_default cmsmasters_row_bot_default cmsmasters_row_boxed\">\n<div class=\"cmsmasters_row_outer_parent\">\n<div class=\"cmsmasters_row_outer\">\n<div class=\"cmsmasters_row_inner\">\n<div class=\"cmsmasters_row_margin\">\n<div id=\"cmsmasters_column_ee29ba77bb\" class=\"cmsmasters_column one_first\">\n<div class=\"cmsmasters_column_inner\"><div id=\"cmsmasters_heading_4f61a9a49c\" class=\"cmsmasters_heading_wrap cmsmasters_heading_align_center\">\n\t<h3 class=\"cmsmasters_heading\">Realiza tu Reserva<\/h3>\n<\/div><div id=\"cmsmasters_heading_177e36408a\" class=\"cmsmasters_heading_wrap cmsmasters_heading_align_center\">\n\t<h2 class=\"cmsmasters_heading\">Ahora<\/h2>\n<\/div><div id=\"cmsmasters_button_189a21456b\" class=\"button_wrap\"><a href=\"https:\/\/api.whatsapp.com\/send?phone=34661860646&#038;text=Hola,%20Quiero%20reservar%20la%20finca%20para%20una%20celebraci%C3%B3n.\" class=\"cmsmasters_button\"><span>Reservar<\/span><\/a><\/div>\n<\/div><\/div>\n<\/div>\n<\/div>\n<\/div>\n<\/div>\n<\/div>\n\n","protected":false},"excerpt":{"rendered":"","protected":false},"author":0,"featured_media":0,"parent":0,"menu_order":0,"comment_status":"closed","ping_status":"closed","template":"","meta":{"footnotes":""},"class_list":["post-17104","page","type-page","status-publish","hentry"],"yoast_head":"<!-- This site is optimized with the Yoast SEO plugin v27.2 - https:\/\/yoast.com\/product\/yoast-seo-wordpress\/ -->\n<title>Finca Para Celebraciones - Finca El rio<\/title>\n<meta name=\"robots\" content=\"index, follow, max-snippet:-1, max-image-preview:large, max-video-preview:-1\" \/>\n<link rel=\"canonical\" href=\"https:\/\/www.fincaelrio.com\/?page_id=17104\" \/>\n<meta property=\"og:locale\" content=\"es_ES\" \/>\n<meta property=\"og:type\" content=\"article\" \/>\n<meta property=\"og:title\" content=\"Finca Para Celebraciones - Finca El rio\" \/>\n<meta property=\"og:url\" content=\"https:\/\/www.fincaelrio.com\/?page_id=17104\" \/>\n<meta property=\"og:site_name\" content=\"Finca El rio\" \/>\n<meta property=\"article:modified_time\" content=\"2022-01-11T17:42:31+00:00\" \/>\n<meta name=\"twitter:card\" content=\"summary_large_image\" \/>\n<meta name=\"twitter:label1\" content=\"Tiempo de lectura\" \/>\n\t<meta name=\"twitter:data1\" content=\"4 minutos\" \/>\n<script type=\"application\/ld+json\" class=\"yoast-schema-graph\">{\"@context\":\"https:\/\/schema.org\",\"@graph\":[{\"@type\":\"WebPage\",\"@id\":\"https:\/\/www.fincaelrio.com\/?page_id=17104\",\"url\":\"https:\/\/www.fincaelrio.com\/?page_id=17104\",\"name\":\"Finca Para Celebraciones - Finca El rio\",\"isPartOf\":{\"@id\":\"https:\/\/www.fincaelrio.com\/#website\"},\"datePublished\":\"2022-01-05T09:44:12+00:00\",\"dateModified\":\"2022-01-11T17:42:31+00:00\",\"breadcrumb\":{\"@id\":\"https:\/\/www.fincaelrio.com\/?page_id=17104#breadcrumb\"},\"inLanguage\":\"es\",\"potentialAction\":[{\"@type\":\"ReadAction\",\"target\":[\"https:\/\/www.fincaelrio.com\/?page_id=17104\"]}]},{\"@type\":\"BreadcrumbList\",\"@id\":\"https:\/\/www.fincaelrio.com\/?page_id=17104#breadcrumb\",\"itemListElement\":[{\"@type\":\"ListItem\",\"position\":1,\"name\":\"Portada\",\"item\":\"https:\/\/www.fincaelrio.com\/\"},{\"@type\":\"ListItem\",\"position\":2,\"name\":\"Finca Para Celebraciones\"}]},{\"@type\":\"WebSite\",\"@id\":\"https:\/\/www.fincaelrio.com\/#website\",\"url\":\"https:\/\/www.fincaelrio.com\/\",\"name\":\"Finca El rio\",\"description\":\"Finca El R\u00edo es un negocio familiar creado a partir de la uni\u00f3n de los procesos tradicionales con las ideas del futuro y buscando recuperar el inter\u00e9s y la ilusi\u00f3n de las nuevas generaciones por la vida rural y una alimentaci\u00f3n sostenible.\",\"potentialAction\":[{\"@type\":\"SearchAction\",\"target\":{\"@type\":\"EntryPoint\",\"urlTemplate\":\"https:\/\/www.fincaelrio.com\/?s={search_term_string}\"},\"query-input\":{\"@type\":\"PropertyValueSpecification\",\"valueRequired\":true,\"valueName\":\"search_term_string\"}}],\"inLanguage\":\"es\"}]}<\/script>\n<!-- \/ Yoast SEO plugin. -->","yoast_head_json":{"title":"Finca Para Celebraciones - Finca El rio","robots":{"index":"index","follow":"follow","max-snippet":"max-snippet:-1","max-image-preview":"max-image-preview:large","max-video-preview":"max-video-preview:-1"},"canonical":"https:\/\/www.fincaelrio.com\/?page_id=17104","og_locale":"es_ES","og_type":"article","og_title":"Finca Para Celebraciones - Finca El rio","og_url":"https:\/\/www.fincaelrio.com\/?page_id=17104","og_site_name":"Finca El rio","article_modified_time":"2022-01-11T17:42:31+00:00","twitter_card":"summary_large_image","twitter_misc":{"Tiempo de lectura":"4 minutos"},"schema":{"@context":"https:\/\/schema.org","@graph":[{"@type":"WebPage","@id":"https:\/\/www.fincaelrio.com\/?page_id=17104","url":"https:\/\/www.fincaelrio.com\/?page_id=17104","name":"Finca Para Celebraciones - Finca El rio","isPartOf":{"@id":"https:\/\/www.fincaelrio.com\/#website"},"datePublished":"2022-01-05T09:44:12+00:00","dateModified":"2022-01-11T17:42:31+00:00","breadcrumb":{"@id":"https:\/\/www.fincaelrio.com\/?page_id=17104#breadcrumb"},"inLanguage":"es","potentialAction":[{"@type":"ReadAction","target":["https:\/\/www.fincaelrio.com\/?page_id=17104"]}]},{"@type":"BreadcrumbList","@id":"https:\/\/www.fincaelrio.com\/?page_id=17104#breadcrumb","itemListElement":[{"@type":"ListItem","position":1,"name":"Portada","item":"https:\/\/www.fincaelrio.com\/"},{"@type":"ListItem","position":2,"name":"Finca Para Celebraciones"}]},{"@type":"WebSite","@id":"https:\/\/www.fincaelrio.com\/#website","url":"https:\/\/www.fincaelrio.com\/","name":"Finca El rio","description":"Finca El R\u00edo es un negocio familiar creado a partir de la uni\u00f3n de los procesos tradicionales con las ideas del futuro y buscando recuperar el inter\u00e9s y la ilusi\u00f3n de las nuevas generaciones por la vida rural y una alimentaci\u00f3n sostenible.","potentialAction":[{"@type":"SearchAction","target":{"@type":"EntryPoint","urlTemplate":"https:\/\/www.fincaelrio.com\/?s={search_term_string}"},"query-input":{"@type":"PropertyValueSpecification","valueRequired":true,"valueName":"search_term_string"}}],"inLanguage":"es"}]}},"_links":{"self":[{"href":"https:\/\/www.fincaelrio.com\/index.php?rest_route=\/wp\/v2\/pages\/17104","targetHints":{"allow":["GET"]}}],"collection":[{"href":"https:\/\/www.fincaelrio.com\/index.php?rest_route=\/wp\/v2\/pages"}],"about":[{"href":"https:\/\/www.fincaelrio.com\/index.php?rest_route=\/wp\/v2\/types\/page"}],"replies":[{"embeddable":true,"href":"https:\/\/www.fincaelrio.com\/index.php?rest_route=%2Fwp%2Fv2%2Fcomments&post=17104"}],"version-history":[{"count":5,"href":"https:\/\/www.fincaelrio.com\/index.php?rest_route=\/wp\/v2\/pages\/17104\/revisions"}],"predecessor-version":[{"id":17261,"href":"https:\/\/www.fincaelrio.com\/index.php?rest_route=\/wp\/v2\/pages\/17104\/revisions\/17261"}],"wp:attachment":[{"href":"https:\/\/www.fincaelrio.com\/index.php?rest_route=%2Fwp%2Fv2%2Fmedia&parent=17104"}],"curies":[{"name":"wp","href":"https:\/\/api.w.org\/{rel}","templated":true}]}}