{"id":19,"date":"2021-10-27T11:24:59","date_gmt":"2021-10-27T11:24:59","guid":{"rendered":"https:\/\/www.fincaelrio.com\/?page_id=19"},"modified":"2021-10-27T11:24:59","modified_gmt":"2021-10-27T11:24:59","slug":"carrito","status":"publish","type":"page","link":"https:\/\/www.fincaelrio.com\/?page_id=19","title":{"rendered":"Carrito"},"content":{"rendered":"<div class=\"woocommerce\"><div class=\"woocommerce-notices-wrapper\"><\/div><div class=\"wc-empty-cart-message\">\n\t<div class=\"cart-empty woocommerce-info\" role=\"status\">\n\t\tTu carrito est\u00e1 vac\u00edo.\t<\/div>\n<\/div>\t<p class=\"return-to-shop\">\n\t\t<a class=\"button wc-backward\" href=\"https:\/\/www.fincaelrio.com\/?page_id=18\">\n\t\t\tVolver a la tienda\t\t<\/a>\n\t<\/p>\n<\/div>\n","protected":false},"excerpt":{"rendered":"","protected":false},"author":0,"featured_media":0,"parent":0,"menu_order":0,"comment_status":"closed","ping_status":"closed","template":"","meta":{"footnotes":""},"class_list":["post-19","page","type-page","status-publish","hentry"],"yoast_head":"<!-- This site is optimized with the Yoast SEO plugin v27.2 - https:\/\/yoast.com\/product\/yoast-seo-wordpress\/ -->\n<title>Carrito - Finca El rio<\/title>\n<meta name=\"robots\" content=\"index, follow, max-snippet:-1, max-image-preview:large, max-video-preview:-1\" \/>\n<link rel=\"canonical\" href=\"https:\/\/www.fincaelrio.com\/?page_id=19\" \/>\n<meta property=\"og:locale\" content=\"es_ES\" \/>\n<meta property=\"og:type\" content=\"article\" \/>\n<meta property=\"og:title\" content=\"Carrito - Finca El rio\" \/>\n<meta property=\"og:url\" content=\"https:\/\/www.fincaelrio.com\/?page_id=19\" \/>\n<meta property=\"og:site_name\" content=\"Finca El rio\" \/>\n<meta name=\"twitter:card\" content=\"summary_large_image\" \/>\n<script type=\"application\/ld+json\" class=\"yoast-schema-graph\">{\"@context\":\"https:\/\/schema.org\",\"@graph\":[{\"@type\":\"WebPage\",\"@id\":\"https:\/\/www.fincaelrio.com\/?page_id=19\",\"url\":\"https:\/\/www.fincaelrio.com\/?page_id=19\",\"name\":\"Carrito - Finca El rio\",\"isPartOf\":{\"@id\":\"https:\/\/www.fincaelrio.com\/#website\"},\"datePublished\":\"2021-10-27T11:24:59+00:00\",\"breadcrumb\":{\"@id\":\"https:\/\/www.fincaelrio.com\/?page_id=19#breadcrumb\"},\"inLanguage\":\"es\",\"potentialAction\":[{\"@type\":\"ReadAction\",\"target\":[\"https:\/\/www.fincaelrio.com\/?page_id=19\"]}]},{\"@type\":\"BreadcrumbList\",\"@id\":\"https:\/\/www.fincaelrio.com\/?page_id=19#breadcrumb\",\"itemListElement\":[{\"@type\":\"ListItem\",\"position\":1,\"name\":\"Portada\",\"item\":\"https:\/\/www.fincaelrio.com\/\"},{\"@type\":\"ListItem\",\"position\":2,\"name\":\"Carrito\"}]},{\"@type\":\"WebSite\",\"@id\":\"https:\/\/www.fincaelrio.com\/#website\",\"url\":\"https:\/\/www.fincaelrio.com\/\",\"name\":\"Finca El rio\",\"description\":\"Finca El R\u00edo es un negocio familiar creado a partir de la uni\u00f3n de los procesos tradicionales con las ideas del futuro y buscando recuperar el inter\u00e9s y la ilusi\u00f3n de las nuevas generaciones por la vida rural y una alimentaci\u00f3n sostenible.\",\"potentialAction\":[{\"@type\":\"SearchAction\",\"target\":{\"@type\":\"EntryPoint\",\"urlTemplate\":\"https:\/\/www.fincaelrio.com\/?s={search_term_string}\"},\"query-input\":{\"@type\":\"PropertyValueSpecification\",\"valueRequired\":true,\"valueName\":\"search_term_string\"}}],\"inLanguage\":\"es\"}]}<\/script>\n<!-- \/ Yoast SEO plugin. -->","yoast_head_json":{"title":"Carrito - Finca El rio","robots":{"index":"index","follow":"follow","max-snippet":"max-snippet:-1","max-image-preview":"max-image-preview:large","max-video-preview":"max-video-preview:-1"},"canonical":"https:\/\/www.fincaelrio.com\/?page_id=19","og_locale":"es_ES","og_type":"article","og_title":"Carrito - Finca El rio","og_url":"https:\/\/www.fincaelrio.com\/?page_id=19","og_site_name":"Finca El rio","twitter_card":"summary_large_image","schema":{"@context":"https:\/\/schema.org","@graph":[{"@type":"WebPage","@id":"https:\/\/www.fincaelrio.com\/?page_id=19","url":"https:\/\/www.fincaelrio.com\/?page_id=19","name":"Carrito - Finca El rio","isPartOf":{"@id":"https:\/\/www.fincaelrio.com\/#website"},"datePublished":"2021-10-27T11:24:59+00:00","breadcrumb":{"@id":"https:\/\/www.fincaelrio.com\/?page_id=19#breadcrumb"},"inLanguage":"es","potentialAction":[{"@type":"ReadAction","target":["https:\/\/www.fincaelrio.com\/?page_id=19"]}]},{"@type":"BreadcrumbList","@id":"https:\/\/www.fincaelrio.com\/?page_id=19#breadcrumb","itemListElement":[{"@type":"ListItem","position":1,"name":"Portada","item":"https:\/\/www.fincaelrio.com\/"},{"@type":"ListItem","position":2,"name":"Carrito"}]},{"@type":"WebSite","@id":"https:\/\/www.fincaelrio.com\/#website","url":"https:\/\/www.fincaelrio.com\/","name":"Finca El rio","description":"Finca El R\u00edo es un negocio familiar creado a partir de la uni\u00f3n de los procesos tradicionales con las ideas del futuro y buscando recuperar el inter\u00e9s y la ilusi\u00f3n de las nuevas generaciones por la vida rural y una alimentaci\u00f3n sostenible.","potentialAction":[{"@type":"SearchAction","target":{"@type":"EntryPoint","urlTemplate":"https:\/\/www.fincaelrio.com\/?s={search_term_string}"},"query-input":{"@type":"PropertyValueSpecification","valueRequired":true,"valueName":"search_term_string"}}],"inLanguage":"es"}]}},"_links":{"self":[{"href":"https:\/\/www.fincaelrio.com\/index.php?rest_route=\/wp\/v2\/pages\/19","targetHints":{"allow":["GET"]}}],"collection":[{"href":"https:\/\/www.fincaelrio.com\/index.php?rest_route=\/wp\/v2\/pages"}],"about":[{"href":"https:\/\/www.fincaelrio.com\/index.php?rest_route=\/wp\/v2\/types\/page"}],"replies":[{"embeddable":true,"href":"https:\/\/www.fincaelrio.com\/index.php?rest_route=%2Fwp%2Fv2%2Fcomments&post=19"}],"version-history":[{"count":0,"href":"https:\/\/www.fincaelrio.com\/index.php?rest_route=\/wp\/v2\/pages\/19\/revisions"}],"wp:attachment":[{"href":"https:\/\/www.fincaelrio.com\/index.php?rest_route=%2Fwp%2Fv2%2Fmedia&parent=19"}],"curies":[{"name":"wp","href":"https:\/\/api.w.org\/{rel}","templated":true}]}}