{"id":529,"date":"2015-04-20T11:50:56","date_gmt":"2015-04-20T11:50:56","guid":{"rendered":"http:\/\/welfare.cmsmasters.net\/?page_id=529"},"modified":"2022-01-14T12:10:53","modified_gmt":"2022-01-14T12:10:53","slug":"finca-para-eventos","status":"publish","type":"page","link":"https:\/\/www.fincaelrio.com\/?page_id=529","title":{"rendered":"Finca para eventos"},"content":{"rendered":"<div id=\"cmsmasters_row_2e672f4749\" class=\"cmsmasters_row cmsmasters_color_scheme_default cmsmasters_row_top_default cmsmasters_row_bot_default cmsmasters_row_boxed\">\n<div class=\"cmsmasters_row_outer_parent\">\n<div class=\"cmsmasters_row_outer\">\n<div class=\"cmsmasters_row_inner\">\n<div class=\"cmsmasters_row_margin\">\n<div id=\"cmsmasters_column_40ad6c17bc\" class=\"cmsmasters_column one_first\">\n<div class=\"cmsmasters_column_inner\"><div id=\"cmsmasters_heading_b653e4155b\" class=\"cmsmasters_heading_wrap cmsmasters_heading_align_center\">\n\t<h3 class=\"cmsmasters_heading\">Eventos<\/h3>\n<\/div><div id=\"cmsmasters_heading_d4f9506a1e\" class=\"cmsmasters_heading_wrap cmsmasters_heading_align_center\">\n\t<h2 class=\"cmsmasters_heading\">CELEBRA TU EVENTO CON NOSOTROS<\/h2>\n<\/div>\n<\/div><\/div>\n<\/div>\n<\/div>\n<\/div>\n<\/div>\n<\/div>\n<div id=\"cmsmasters_row_7bfee17003\" class=\"cmsmasters_row cmsmasters_color_scheme_default cmsmasters_row_top_default cmsmasters_row_bot_default cmsmasters_row_boxed\">\n<div class=\"cmsmasters_row_outer_parent\">\n<div class=\"cmsmasters_row_outer\">\n<div class=\"cmsmasters_row_inner\">\n<div class=\"cmsmasters_row_margin\">\n<div id=\"cmsmasters_column_80aaa51830\" class=\"cmsmasters_column one_third\">\n<div class=\"cmsmasters_column_inner\"><div id=\"cmsmasters_heading_27baac7cc6\" class=\"cmsmasters_heading_wrap cmsmasters_heading_align_left\">\n\t<h2 class=\"cmsmasters_heading\">Celebraciones<\/h2>\n<\/div><div id=\"cmsmasters_heading_zbkexzod38\" class=\"cmsmasters_heading_wrap cmsmasters_heading_align_left\">\n\t<h4 class=\"cmsmasters_heading\">Bodas, comuniones, bautizos\u2026<\/h4>\n<\/div><div class=\"cmsmasters_text\">\n<p>M\u00faltiples rincones y escenarios capaces de crear historias y momentos para nunca olvidar<\/p>\n<\/div>\n<div id=\"cmsmasters_button_er3zuc5qu\" class=\"button_wrap\"><a href=\"\/finca-para-celebraciones\/\" class=\"cmsmasters_button\"><span>Quiero saber m\u00e1s<\/span><\/a><\/div>\n<\/div><\/div>\n<div id=\"cmsmasters_column_f04dcaf3a7\" class=\"cmsmasters_column one_third\">\n<div class=\"cmsmasters_column_inner\"><div id=\"cmsmasters_heading_c6gu4f6214\" class=\"cmsmasters_heading_wrap cmsmasters_heading_align_left\">\n\t<h2 class=\"cmsmasters_heading\">Eventos corporativos<\/h2>\n<\/div><div id=\"cmsmasters_heading_1zfm4svy4b\" class=\"cmsmasters_heading_wrap cmsmasters_heading_align_left\">\n\t<h4 class=\"cmsmasters_heading\">Conferencias, jornadas, reuniones, comidas de empresa\u2026<\/h4>\n<\/div><div class=\"cmsmasters_text\">\n<p>Si est\u00e1s planeando un evento corporativo y a\u00fan no sabes d\u00f3nde ni como organizarlo, d\u00e9janoslo a nosotros.<\/p>\n<\/div>\n<div id=\"cmsmasters_button_e54bwxxlgi\" class=\"button_wrap\"><a href=\"\/finca-para-eventos-corporativos\/%20\" class=\"cmsmasters_button\"><span>Quiero saber m\u00e1s<\/span><\/a><\/div>\n<\/div><\/div>\n<div id=\"cmsmasters_column_6a75651199\" class=\"cmsmasters_column one_third\">\n<div class=\"cmsmasters_column_inner\"><div id=\"cmsmasters_heading_31ufc54aut\" class=\"cmsmasters_heading_wrap cmsmasters_heading_align_left\">\n\t<h2 class=\"cmsmasters_heading\">Otros eventos a medida<\/h2>\n<\/div><div id=\"cmsmasters_heading_1902e3f83c\" class=\"cmsmasters_heading_wrap cmsmasters_heading_align_left\">\n\t<h4 class=\"cmsmasters_heading\">Espacios en abierto y en cerrado<\/h4>\n<\/div><div class=\"cmsmasters_text\">\n<p>Disponemos de espacios \u00fanicos en interior y al aire libre para organizar todo tipo de eventos<\/p>\n<\/div>\n<div id=\"cmsmasters_button_f21m2xcvgs\" class=\"button_wrap\"><a href=\"\/finca-para-eventos-a-medida\/\" class=\"cmsmasters_button\"><span>Quiero saber m\u00e1s<\/span><\/a><\/div>\n<\/div><\/div>\n<\/div>\n<\/div>\n<\/div>\n<\/div>\n<\/div>\n<div id=\"cmsmasters_row_ab4738af4f\" class=\"cmsmasters_row cmsmasters_color_scheme_default cmsmasters_row_top_default cmsmasters_row_bot_default cmsmasters_row_boxed\">\n<div class=\"cmsmasters_row_outer_parent\">\n<div class=\"cmsmasters_row_outer\">\n<div class=\"cmsmasters_row_inner\">\n<div class=\"cmsmasters_row_margin\">\n<div id=\"cmsmasters_column_8895545397\" class=\"cmsmasters_column one_first\">\n<div class=\"cmsmasters_column_inner\"><div id=\"cmsmasters_heading_25ae3e96d0\" class=\"cmsmasters_heading_wrap cmsmasters_heading_align_center\">\n\t<h3 class=\"cmsmasters_heading\">Finca el Rio<\/h3>\n<\/div><div id=\"cmsmasters_heading_3i4lpi6d77\" class=\"cmsmasters_heading_wrap cmsmasters_heading_align_center\">\n\t<h2 class=\"cmsmasters_heading\">Espacios para celebraci\u00f3n de cualquier tipo de evento<\/h2>\n<\/div><div class=\"cmsmasters_text\">\n<p>&nbsp;<\/p>\n<p>&nbsp;<\/p>\n<p style=\"text-align: center;\">La Finca El Rio esconde lugares con encanto \u00fanico, en sus m\u00e1s de 1000 hect\u00e1reas<br \/>\npodemos encontrar olivares, dehesa, bosque y monte mediterr\u00e1neo. Disponemos de una<br \/>\nfinca que se adapta a cualquier tipo de evento, desde cumplea\u00f1os hasta bodas y bautizos.<br \/>\nConf\u00eda en nuestro equipo para vivir tu mejor experiencia, d\u00e1ndole vida a todo lo que hab\u00edas<br \/>\nso\u00f1ado para celebrar ese gran d\u00eda.<\/p>\n<\/div>\n<\/div><\/div>\n<\/div>\n<\/div>\n<\/div>\n<\/div>\n<\/div>\n<div id=\"cmsmasters_row_ivvgzrtlwm\" class=\"cmsmasters_row cmsmasters_color_scheme_default cmsmasters_row_top_default cmsmasters_row_bot_default cmsmasters_row_boxed\">\n<div class=\"cmsmasters_row_outer_parent\">\n<div class=\"cmsmasters_row_outer\">\n<div class=\"cmsmasters_row_inner\">\n<div class=\"cmsmasters_row_margin\">\n<div id=\"cmsmasters_column_36biowmetn\" class=\"cmsmasters_column one_first\">\n<div class=\"cmsmasters_column_inner\"><div class=\"cmsmasters_tabs tabs_mode_tab\">\n<ul class=\"cmsmasters_tabs_list\">\n<li id=\"cmsmasters_tabs_list_item_qb0kl0ttk\" class=\"cmsmasters_tabs_list_item current_tab\">\n<a href=\"#\">\n<span>Alquiler de espacios para eventos<\/span>\n<\/a>\n<\/li><li id=\"cmsmasters_tabs_list_item_zd0o0i1pjp\" class=\"cmsmasters_tabs_list_item\">\n<a href=\"#\">\n<span>Alquilar espacios para eventos en C\u00f3rdoba<\/span>\n<\/a>\n<\/li><li id=\"cmsmasters_tabs_list_item_mrvbsh3x8e\" class=\"cmsmasters_tabs_list_item\">\n<a href=\"#\">\n<span>Un recuerdo inolvidable<\/span>\n<\/a>\n<\/li><li id=\"cmsmasters_tabs_list_item_ui0pub7lxa\" class=\"cmsmasters_tabs_list_item\">\n<a href=\"#\">\n<span>Eventos \u00fanicos<\/span>\n<\/a>\n<\/li><li id=\"cmsmasters_tabs_list_item_cte857ulld\" class=\"cmsmasters_tabs_list_item\">\n<a href=\"#\">\n<span>Mejores espacios para eventos<\/span>\n<\/a>\n<\/li><\/ul>\n<div class=\"cmsmasters_tabs_wrap\">\n<div id=\"cmsmasters_tab_qb0kl0ttk\" class=\"cmsmasters_tab active_tab\">\n<div class=\"cmsmasters_tab_inner\">\n<p>Si est\u00e1s pensando en organizar un evento corporativo o una fiesta privada nosotros te<br \/>\nofrecemos varias opciones; ponemos a tu disposici\u00f3n fotos de todos nuestros espacios<br \/>\ndisponibles y toda la informaci\u00f3n que necesites. Contamos con lugares \u00fanicos que pueden<br \/>\nofrecerte un d\u00eda inolvidable.<\/p>\n<\/div>\n<\/div><div id=\"cmsmasters_tab_zd0o0i1pjp\" class=\"cmsmasters_tab\">\n<div class=\"cmsmasters_tab_inner\">\n<p>Si no tienes un lugar adecuado para tus celebraciones te ayudamos a escoger la f\u00f3rmula<br \/>\nideal, una finca \u00fanica ubicada en C\u00f3rdoba que proporciona organizar la gran celebraci\u00f3n<br \/>\nque tienes en mente. La Finca El Rio tiene todo lo necesario para tus celebraciones; tener tu<br \/>\npropio espacio har\u00e1 que a estas celebraciones no les falte nada, ya que se adaptar\u00e1 a todas<br \/>\ntus sugerencias y tus fiestas ser\u00e1n tal como lo hab\u00edas imaginado. Con nosotros encontrar\u00e1s<br \/>\nel tipo de espacio que necesitas<\/p>\n<\/div>\n<\/div><div id=\"cmsmasters_tab_mrvbsh3x8e\" class=\"cmsmasters_tab\">\n<div class=\"cmsmasters_tab_inner\">\n<p>Si est\u00e1s pensando en organizar un evento en un espacio \u00fanico y diferencial la Finca El Rio<br \/>\nte lo ofrece, ya que dispone de un gran espacio natural a orillas del r\u00edo Z\u00fajar; Podr\u00e1s<br \/>\ndisfrutarlo durante el tiempo que necesites, hecho que te permitir\u00e1 optimizar el presupuesto<br \/>\nm\u00e1ximo. Est\u00e1 garantizado que podr\u00e1s disfrutar de un espacio c\u00f3modo y diferencial con<br \/>\nvistas y\/o decoraci\u00f3n incre\u00edbles.<br \/>\nEl uso del espacio lo eliges t\u00fa, siempre teniendo en cuenta y siguiendo las normas del<br \/>\nanfitri\u00f3n. Alquila alguno de nuestros espacios para eventos y te aseguramos que tus<br \/>\ninvitados no van a olvidar jam\u00e1s ese d\u00eda tan especial.<\/p>\n<\/div>\n<\/div><div id=\"cmsmasters_tab_ui0pub7lxa\" class=\"cmsmasters_tab\">\n<div class=\"cmsmasters_tab_inner\">\n<p>Organiza tu evento: La Finca El Rio es un lugar id\u00f3neo para acoger todo tipo de eventos por<br \/>\nla versatilidad de sus espacios. Unos espacios sin l\u00edmites que se adaptan para ofrecer a<br \/>\ncada evento una magn\u00edfica soluci\u00f3n; No es solo un espacio natural sino que es a su vez el<br \/>\nlienzo donde se plasmar\u00e1 cada detalle \u00fanico y personalizado que conforme tu evento.<\/p>\n<\/div>\n<\/div><div id=\"cmsmasters_tab_cte857ulld\" class=\"cmsmasters_tab\">\n<div class=\"cmsmasters_tab_inner\">\n<p>C\u00f3rdoba es una ciudad referente que destaca de manera excepcional al momento de<br \/>\nacoger eventos; la ciudad es perfecta para realizar eventos de todo tipo ya que cuenta con<br \/>\nlas caracter\u00edsticas ideales para que el mismo sea todo un \u00e9xito, buena accesibilidad,<br \/>\ncompetitividad tur\u00edstica y su amplia oferta cultural son algunas de las caracter\u00edsticas que<br \/>\nconvierten a esa ciudad en una propuesta tentadora para ser elegida como la sede de tu<br \/>\ncelebraci\u00f3n independientemente del tipo de evento.<\/p>\n<\/div>\n<\/div><\/div>\n<\/div>\n<\/div><\/div>\n<\/div>\n<\/div>\n<\/div>\n<\/div>\n<\/div>\n<div id=\"cmsmasters_row_yn52csp0j\" class=\"cmsmasters_row cmsmasters_color_scheme_default cmsmasters_row_top_default cmsmasters_row_bot_default cmsmasters_row_boxed\">\n<div class=\"cmsmasters_row_outer_parent\">\n<div class=\"cmsmasters_row_outer\">\n<div class=\"cmsmasters_row_inner\">\n<div class=\"cmsmasters_row_margin\">\n<div id=\"cmsmasters_column_2cy2ltja4e\" class=\"cmsmasters_column one_first\">\n<div class=\"cmsmasters_column_inner\"><div id=\"cmsmasters_fb_sllhfnpkb\" class=\"cmsmasters_featured_block\">\n<div class=\"featured_block_inner\">\n<div class=\"featured_block_text\">\n<div id=\"cmsmasters_heading_e971eb4070\" class=\"cmsmasters_heading_wrap cmsmasters_heading_align_left\">\n\t<h3 class=\"cmsmasters_heading\">Contacto!<\/h3>\n<\/div><div id=\"cmsmasters_heading_7accc4859b\" class=\"cmsmasters_heading_wrap cmsmasters_heading_align_left\">\n\t<h2 class=\"cmsmasters_heading\">M\u00e1s informaci\u00f3n o para cualquier petici\u00f3n y adaptaremos su evento a su medida.<\/h2>\n<\/div>\n\n<\/div>\n<\/div>\n<\/div>\n<div id=\"cmsmasters_heading_3odlan9dq\" class=\"cmsmasters_heading_wrap cmsmasters_heading_align_left\">\n\t<h4 class=\"cmsmasters_heading\"><a href=\"\/contacto\/\">Contacta Con Nosotros Aqu\u00ed<\/a><\/h4>\n<\/div>\n<\/div><\/div>\n<\/div>\n<\/div>\n<\/div>\n<\/div>\n<\/div>\n\n","protected":false},"excerpt":{"rendered":"","protected":false},"author":1,"featured_media":0,"parent":0,"menu_order":0,"comment_status":"closed","ping_status":"closed","template":"","meta":{"footnotes":""},"class_list":["post-529","page","type-page","status-publish","hentry"],"yoast_head":"<!-- This site is optimized with the Yoast SEO plugin v27.2 - https:\/\/yoast.com\/product\/yoast-seo-wordpress\/ -->\n<title>Finca para eventos - Finca El rio<\/title>\n<meta name=\"robots\" content=\"index, follow, max-snippet:-1, max-image-preview:large, max-video-preview:-1\" \/>\n<link rel=\"canonical\" href=\"https:\/\/www.fincaelrio.com\/?page_id=529\" \/>\n<meta property=\"og:locale\" content=\"es_ES\" \/>\n<meta property=\"og:type\" content=\"article\" \/>\n<meta property=\"og:title\" content=\"Finca para eventos - Finca El rio\" \/>\n<meta property=\"og:url\" content=\"https:\/\/www.fincaelrio.com\/?page_id=529\" \/>\n<meta property=\"og:site_name\" content=\"Finca El rio\" \/>\n<meta property=\"article:modified_time\" content=\"2022-01-14T12:10:53+00:00\" \/>\n<meta name=\"twitter:card\" content=\"summary_large_image\" \/>\n<meta name=\"twitter:label1\" content=\"Tiempo de lectura\" \/>\n\t<meta name=\"twitter:data1\" content=\"3 minutos\" \/>\n<script type=\"application\/ld+json\" class=\"yoast-schema-graph\">{\"@context\":\"https:\/\/schema.org\",\"@graph\":[{\"@type\":\"WebPage\",\"@id\":\"https:\/\/www.fincaelrio.com\/?page_id=529\",\"url\":\"https:\/\/www.fincaelrio.com\/?page_id=529\",\"name\":\"Finca para eventos - Finca El rio\",\"isPartOf\":{\"@id\":\"https:\/\/www.fincaelrio.com\/#website\"},\"datePublished\":\"2015-04-20T11:50:56+00:00\",\"dateModified\":\"2022-01-14T12:10:53+00:00\",\"breadcrumb\":{\"@id\":\"https:\/\/www.fincaelrio.com\/?page_id=529#breadcrumb\"},\"inLanguage\":\"es\",\"potentialAction\":[{\"@type\":\"ReadAction\",\"target\":[\"https:\/\/www.fincaelrio.com\/?page_id=529\"]}]},{\"@type\":\"BreadcrumbList\",\"@id\":\"https:\/\/www.fincaelrio.com\/?page_id=529#breadcrumb\",\"itemListElement\":[{\"@type\":\"ListItem\",\"position\":1,\"name\":\"Portada\",\"item\":\"https:\/\/www.fincaelrio.com\/\"},{\"@type\":\"ListItem\",\"position\":2,\"name\":\"Finca para eventos\"}]},{\"@type\":\"WebSite\",\"@id\":\"https:\/\/www.fincaelrio.com\/#website\",\"url\":\"https:\/\/www.fincaelrio.com\/\",\"name\":\"Finca El rio\",\"description\":\"Finca El R\u00edo es un negocio familiar creado a partir de la uni\u00f3n de los procesos tradicionales con las ideas del futuro y buscando recuperar el inter\u00e9s y la ilusi\u00f3n de las nuevas generaciones por la vida rural y una alimentaci\u00f3n sostenible.\",\"potentialAction\":[{\"@type\":\"SearchAction\",\"target\":{\"@type\":\"EntryPoint\",\"urlTemplate\":\"https:\/\/www.fincaelrio.com\/?s={search_term_string}\"},\"query-input\":{\"@type\":\"PropertyValueSpecification\",\"valueRequired\":true,\"valueName\":\"search_term_string\"}}],\"inLanguage\":\"es\"}]}<\/script>\n<!-- \/ Yoast SEO plugin. -->","yoast_head_json":{"title":"Finca para eventos - Finca El rio","robots":{"index":"index","follow":"follow","max-snippet":"max-snippet:-1","max-image-preview":"max-image-preview:large","max-video-preview":"max-video-preview:-1"},"canonical":"https:\/\/www.fincaelrio.com\/?page_id=529","og_locale":"es_ES","og_type":"article","og_title":"Finca para eventos - Finca El rio","og_url":"https:\/\/www.fincaelrio.com\/?page_id=529","og_site_name":"Finca El rio","article_modified_time":"2022-01-14T12:10:53+00:00","twitter_card":"summary_large_image","twitter_misc":{"Tiempo de lectura":"3 minutos"},"schema":{"@context":"https:\/\/schema.org","@graph":[{"@type":"WebPage","@id":"https:\/\/www.fincaelrio.com\/?page_id=529","url":"https:\/\/www.fincaelrio.com\/?page_id=529","name":"Finca para eventos - Finca El rio","isPartOf":{"@id":"https:\/\/www.fincaelrio.com\/#website"},"datePublished":"2015-04-20T11:50:56+00:00","dateModified":"2022-01-14T12:10:53+00:00","breadcrumb":{"@id":"https:\/\/www.fincaelrio.com\/?page_id=529#breadcrumb"},"inLanguage":"es","potentialAction":[{"@type":"ReadAction","target":["https:\/\/www.fincaelrio.com\/?page_id=529"]}]},{"@type":"BreadcrumbList","@id":"https:\/\/www.fincaelrio.com\/?page_id=529#breadcrumb","itemListElement":[{"@type":"ListItem","position":1,"name":"Portada","item":"https:\/\/www.fincaelrio.com\/"},{"@type":"ListItem","position":2,"name":"Finca para eventos"}]},{"@type":"WebSite","@id":"https:\/\/www.fincaelrio.com\/#website","url":"https:\/\/www.fincaelrio.com\/","name":"Finca El rio","description":"Finca El R\u00edo es un negocio familiar creado a partir de la uni\u00f3n de los procesos tradicionales con las ideas del futuro y buscando recuperar el inter\u00e9s y la ilusi\u00f3n de las nuevas generaciones por la vida rural y una alimentaci\u00f3n sostenible.","potentialAction":[{"@type":"SearchAction","target":{"@type":"EntryPoint","urlTemplate":"https:\/\/www.fincaelrio.com\/?s={search_term_string}"},"query-input":{"@type":"PropertyValueSpecification","valueRequired":true,"valueName":"search_term_string"}}],"inLanguage":"es"}]}},"_links":{"self":[{"href":"https:\/\/www.fincaelrio.com\/index.php?rest_route=\/wp\/v2\/pages\/529","targetHints":{"allow":["GET"]}}],"collection":[{"href":"https:\/\/www.fincaelrio.com\/index.php?rest_route=\/wp\/v2\/pages"}],"about":[{"href":"https:\/\/www.fincaelrio.com\/index.php?rest_route=\/wp\/v2\/types\/page"}],"author":[{"embeddable":true,"href":"https:\/\/www.fincaelrio.com\/index.php?rest_route=\/wp\/v2\/users\/1"}],"replies":[{"embeddable":true,"href":"https:\/\/www.fincaelrio.com\/index.php?rest_route=%2Fwp%2Fv2%2Fcomments&post=529"}],"version-history":[{"count":5,"href":"https:\/\/www.fincaelrio.com\/index.php?rest_route=\/wp\/v2\/pages\/529\/revisions"}],"predecessor-version":[{"id":17362,"href":"https:\/\/www.fincaelrio.com\/index.php?rest_route=\/wp\/v2\/pages\/529\/revisions\/17362"}],"wp:attachment":[{"href":"https:\/\/www.fincaelrio.com\/index.php?rest_route=%2Fwp%2Fv2%2Fmedia&parent=529"}],"curies":[{"name":"wp","href":"https:\/\/api.w.org\/{rel}","templated":true}]}}